{"id":5501,"date":"2018-03-13T11:40:34","date_gmt":"2018-03-13T16:40:34","guid":{"rendered":"https:\/\/sitios.uao.edu.co\/portal-comunicacion-publicitaria\/?page_id=5501"},"modified":"2018-08-05T16:00:53","modified_gmt":"2018-08-05T21:00:53","slug":"agencia-de-publicidad","status":"publish","type":"page","link":"https:\/\/sitios.uao.edu.co\/portal-comunicacion-publicitaria\/agencia-de-publicidad\/","title":{"rendered":"Agencia de publicidad"},"content":{"rendered":"<h1>\u00bfQu\u00e9 es una agencia de publicidad?<\/h1>\n<h1><img fetchpriority=\"high\" decoding=\"async\" class=\"wp-image-5503 alignright\" src=\"https:\/\/sitios.uao.edu.co\/gradoing\/wp-content\/uploads\/sites\/65\/2018\/03\/Imagen1.png\" alt=\"agencia de publicidad comunicacion publicitaria universidad autonoma de occidente cali\" width=\"325\" height=\"216\" srcset=\"https:\/\/sitios.uao.edu.co\/portal-comunicacion-publicitaria\/wp-content\/uploads\/sites\/65\/2018\/03\/Imagen1.png 496w, https:\/\/sitios.uao.edu.co\/portal-comunicacion-publicitaria\/wp-content\/uploads\/sites\/65\/2018\/03\/Imagen1-400x266.png 400w\" sizes=\"(max-width: 325px) 100vw, 325px\" \/><\/h1>\n<p style=\"text-align: left;\">Constituida inicialmente\u00a0como organizaci\u00f3n mediatizadora entre el anunciante, los medios y los p\u00fablicos, la agencia es todav\u00eda el escenario natural en el que se desempe\u00f1a el publicista, seg\u00fan su perfil personal.<br \/>\nDependiendo as\u00ed de los conocimientos y destrezas de sus integrantes, las agencias emplean redactores, creativos, vendedores, etc., al tiempo que tiende a especializarse en torno al tipo de productos o servicios que promueve mediante sus estrategias.<br \/>\nHoy por hoy, las agencias de publicidad han\u00a0ampliado su radio de acci\u00f3n, extendiendo sus servicios hasta el interior de las instituciones, en programas de adecuaci\u00f3n y mejoramiento\u00a0de los procesos organizacionales, como base\u00a0de estrategias comunicativas externas. Hasta la\u00a0denominaci\u00f3n que se emplea ahora en algunos de\u00a0estos negocios, denota el cambio: empresas de servicios comunicativos y organizacionales.<\/p>\n<h1>Cargos<\/h1>\n<p><img decoding=\"async\" class=\" wp-image-5511 alignright\" src=\"https:\/\/sitios.uao.edu.co\/gradoing\/wp-content\/uploads\/sites\/65\/2018\/03\/Imagen2.png\" alt=\"perfiles comunicacion publicitaria universidad autonoma de occidente cali\" width=\"345\" height=\"309\" \/><\/p>\n<h3>Planner:<\/h3>\n<p>Es el estratega m\u00e1s importante al interior de la agencia, hace direccionamiento estrat\u00e9gico, con base en la investigaci\u00f3n de las tendencias, comportamiento, gustos, estilos de vida y necesidades de los seres humanos en su rol de consumidores y ciudadanos.<\/p>\n<h3>Creativo:<\/h3>\n<p>A trav\u00e9s de diferentes tipos de publicidad generan ideas y brindan soluciones creativas e innovadoras a diversas problem\u00e1ticas de las organizaciones o de la sociedad. Requiere de la imaginaci\u00f3n para producir mensajes publicitarios creativos, atractivos y eficaces.<\/p>\n<h3>Ejecutivo de cuentas:<\/h3>\n<p>Comprende los objetivos publicitarios del cliente, obtiene informaci\u00f3n clave sobre el producto, el mercado y el p\u00fablico objetivo. Organiza el equipo de personas que dentro de la agencia va a preparar la propuesta de campa\u00f1a en los tiempos acordados entre el cliente y la agencia.<\/p>\n<h3>Estratega de medios:<\/h3>\n<p>Planifica de manera estrat\u00e9gica la difusi\u00f3n de las pautas, compra y distribuci\u00f3n en televisi\u00f3n, radio, peri\u00f3dicos, internet, etc. De acuerdo a la efectividad y optimizaci\u00f3n de recursos.<\/p>\n<h3>Producci\u00f3n:<\/h3>\n<p>Orienta de forma estrat\u00e9gica el proceso publicitario, en la preproducci\u00f3n, producci\u00f3n y posproducci\u00f3n de elementos gr\u00e1ficos, sonoros o visuales.<\/p>\n<h3>Redactor publicitario:<\/h3>\n<p><img decoding=\"async\" class=\"wp-image-5515 aligncenter\" src=\"https:\/\/sitios.uao.edu.co\/gradoing\/wp-content\/uploads\/sites\/65\/2018\/03\/jfiof.png\" alt=\"perfiles comunicacion publicitaria universidad autonoma de occidente cali\" width=\"595\" height=\"258\" srcset=\"https:\/\/sitios.uao.edu.co\/portal-comunicacion-publicitaria\/wp-content\/uploads\/sites\/65\/2018\/03\/jfiof.png 1105w, https:\/\/sitios.uao.edu.co\/portal-comunicacion-publicitaria\/wp-content\/uploads\/sites\/65\/2018\/03\/jfiof-600x260.png 600w, https:\/\/sitios.uao.edu.co\/portal-comunicacion-publicitaria\/wp-content\/uploads\/sites\/65\/2018\/03\/jfiof-768x333.png 768w, https:\/\/sitios.uao.edu.co\/portal-comunicacion-publicitaria\/wp-content\/uploads\/sites\/65\/2018\/03\/jfiof-1024x444.png 1024w, https:\/\/sitios.uao.edu.co\/portal-comunicacion-publicitaria\/wp-content\/uploads\/sites\/65\/2018\/03\/jfiof-590x256.png 590w, https:\/\/sitios.uao.edu.co\/portal-comunicacion-publicitaria\/wp-content\/uploads\/sites\/65\/2018\/03\/jfiof-875x379.png 875w, https:\/\/sitios.uao.edu.co\/portal-comunicacion-publicitaria\/wp-content\/uploads\/sites\/65\/2018\/03\/jfiof-400x173.png 400w\" sizes=\"(max-width: 595px) 100vw, 595px\" \/><\/p>\n<p>Redactan el texto original de la publicidad, que debe ser llamativo y convincente. El texto consiste en un eslogan, jingle, texto o subt\u00edtulo. Puede escribir textos publicitarios para internet, televisi\u00f3n, impresos, radio\u2026<\/p>\n<h3>Centrales de medios:<\/h3>\n<p>Orienta al anunciante sobre la <b>mejor<\/b> <b>inversi\u00f3n<\/b> <b>posible<\/b><b> en <\/b><b>medios<\/b> e incluso sobre el tipo de campa\u00f1a publicitaria que le conviene, con el fin de ser efectivos en su inversi\u00f3n.<\/p>\n<h3>Director de arte:<\/h3>\n<p><img loading=\"lazy\" decoding=\"async\" class=\"wp-image-5517 aligncenter\" src=\"https:\/\/sitios.uao.edu.co\/gradoing\/wp-content\/uploads\/sites\/65\/2018\/03\/Imagen3.png\" alt=\"perfiles comunicacion publicitaria universidad autonoma de occidente cali\" width=\"738\" height=\"374\" srcset=\"https:\/\/sitios.uao.edu.co\/portal-comunicacion-publicitaria\/wp-content\/uploads\/sites\/65\/2018\/03\/Imagen3.png 1219w, https:\/\/sitios.uao.edu.co\/portal-comunicacion-publicitaria\/wp-content\/uploads\/sites\/65\/2018\/03\/Imagen3-600x304.png 600w, https:\/\/sitios.uao.edu.co\/portal-comunicacion-publicitaria\/wp-content\/uploads\/sites\/65\/2018\/03\/Imagen3-768x389.png 768w, https:\/\/sitios.uao.edu.co\/portal-comunicacion-publicitaria\/wp-content\/uploads\/sites\/65\/2018\/03\/Imagen3-1024x518.png 1024w, https:\/\/sitios.uao.edu.co\/portal-comunicacion-publicitaria\/wp-content\/uploads\/sites\/65\/2018\/03\/Imagen3-590x299.png 590w, https:\/\/sitios.uao.edu.co\/portal-comunicacion-publicitaria\/wp-content\/uploads\/sites\/65\/2018\/03\/Imagen3-875x443.png 875w, https:\/\/sitios.uao.edu.co\/portal-comunicacion-publicitaria\/wp-content\/uploads\/sites\/65\/2018\/03\/Imagen3-1200x607.png 1200w, https:\/\/sitios.uao.edu.co\/portal-comunicacion-publicitaria\/wp-content\/uploads\/sites\/65\/2018\/03\/Imagen3-400x202.png 400w\" sizes=\"(max-width: 738px) 100vw, 738px\" \/><\/p>\n<p>&nbsp;<\/p>\n<p>&nbsp;<\/p>\n<p>&nbsp;<\/p>\n<p>&nbsp;<\/p>\n","protected":false},"excerpt":{"rendered":"<p>\u00bfQu\u00e9 es una agencia de publicidad? Constituida inicialmente\u00a0como organizaci\u00f3n mediatizadora entre el anunciante, los medios y los p\u00fablicos, la agencia es todav\u00eda el escenario natural en el que se desempe\u00f1a el publicista, seg\u00fan su perfil personal. Dependiendo as\u00ed de los conocimientos y destrezas de sus integrantes, las agencias emplean redactores, creativos, vendedores, etc., al tiempo [&hellip;]<\/p>\n","protected":false},"author":4,"featured_media":0,"parent":0,"menu_order":0,"comment_status":"closed","ping_status":"closed","template":"","meta":{"footnotes":""},"class_list":["post-5501","page","type-page","status-publish","hentry"],"acf":[],"_links":{"self":[{"href":"https:\/\/sitios.uao.edu.co\/portal-comunicacion-publicitaria\/wp-json\/wp\/v2\/pages\/5501","targetHints":{"allow":["GET"]}}],"collection":[{"href":"https:\/\/sitios.uao.edu.co\/portal-comunicacion-publicitaria\/wp-json\/wp\/v2\/pages"}],"about":[{"href":"https:\/\/sitios.uao.edu.co\/portal-comunicacion-publicitaria\/wp-json\/wp\/v2\/types\/page"}],"author":[{"embeddable":true,"href":"https:\/\/sitios.uao.edu.co\/portal-comunicacion-publicitaria\/wp-json\/wp\/v2\/users\/4"}],"replies":[{"embeddable":true,"href":"https:\/\/sitios.uao.edu.co\/portal-comunicacion-publicitaria\/wp-json\/wp\/v2\/comments?post=5501"}],"version-history":[{"count":21,"href":"https:\/\/sitios.uao.edu.co\/portal-comunicacion-publicitaria\/wp-json\/wp\/v2\/pages\/5501\/revisions"}],"predecessor-version":[{"id":6093,"href":"https:\/\/sitios.uao.edu.co\/portal-comunicacion-publicitaria\/wp-json\/wp\/v2\/pages\/5501\/revisions\/6093"}],"wp:attachment":[{"href":"https:\/\/sitios.uao.edu.co\/portal-comunicacion-publicitaria\/wp-json\/wp\/v2\/media?parent=5501"}],"curies":[{"name":"wp","href":"https:\/\/api.w.org\/{rel}","templated":true}]}}