{"id":76,"date":"2017-01-23T11:04:33","date_gmt":"2017-01-23T16:04:33","guid":{"rendered":"https:\/\/sitios.uao.edu.co\/mobimat\/?page_id=76\/"},"modified":"2022-03-23T10:09:37","modified_gmt":"2022-03-23T15:09:37","slug":"hector-jairo-martinez-romero","status":"publish","type":"page","link":"https:\/\/sitios.uao.edu.co\/mobimat\/proyecto-aedes-aegypti\/integrantes\/hector-jairo-martinez-romero\/","title":{"rendered":"H\u00e9ctor Jairo Mart\u00ednez Romero"},"content":{"rendered":"<p><b>NOMBRE COMPLETO Y APELLIDOS:<\/b><span style=\"font-weight: 400\"> H\u00e9ctor Jairo Mart\u00ednez Romero<\/span><\/p>\n<p><strong>ENTIDAD : <\/strong>Universidad del Valle<\/p>\n<p><b>UNIVERSIDAD:<\/b><span style=\"font-weight: 400\"> Universidad del Valle<\/span><\/p>\n<p><b>FACULTAD:<\/b><span style=\"font-weight: 400\"> Ciencias Naturales y Exactas<\/span><\/p>\n<p><b>DEPARTAMENTO:<\/b><span style=\"font-weight: 400\"> Matem\u00e1ticas<\/span><\/p>\n<p><b>CORREO ELECTR\u00d3NICO:<\/b><span style=\"font-weight: 400\"> hector.martinez@correounivalle.edu.co<\/span><\/p>\n<p><b>TEL\u00c9FONO:<\/b><span style=\"font-weight: 400\"> 321 2100 Ext. 3117<\/span><\/p>\n<p><b>FORMACI\u00d3N ACAD\u00c9MICA<\/b><\/p>\n<p><strong>Pregrado: <\/strong><\/p>\n<p><span style=\"font-weight: 400\">Matem\u00e1tico, Universidad del Valle, 1976. \u00a0\u00a0\u00a0\u00a0\u00a0\u00a0\u00a0\u00a0\u00a0\u00a0\u00a0\u00a0<\/span><\/p>\n<p><span style=\"font-weight: 400\">M\u00e9dico y Cirujano, Universidad del Valle, 2004<\/span><\/p>\n<p><strong>\u00a0<\/strong><\/p>\n<p><strong>Postgrados: <\/strong><\/p>\n<p><span style=\"font-weight: 400\">Maestr\u00eda en Matem\u00e1ticas Aplicadas, Rice University, 1986<\/span><\/p>\n<p><span style=\"font-weight: 400\">Maestr\u00eda en Ciencias B\u00e1sicas M\u00e9dicas, Universidad del Valle, 2012<\/span><\/p>\n<p><span style=\"font-weight: 400\">Ph.D. En Matem\u00e1ticas Aplicadas, Rice University, 1998 <\/span><\/p>\n<p><b>EXPERIENCIA ACAD\u00c9MICA:<\/b><\/p>\n<p><span style=\"font-weight: 400\">Universidad del Valle, Profesor, 1976-Hoy \u00a0<\/span><\/p>\n<p><b>GRUPO DE INVESTIGACI\u00d3N<\/b><\/p>\n<p><strong>ANOPI:\u00a0<\/strong>An\u00e1lisis Num\u00e9rico, Optimizaci\u00f3n y Problemas Inversos \u2013 Universidad del Valle<\/p>\n<p><strong>MoBiMat:<\/strong>\u00a0Modelamiento Biomatem\u00e1tico \u2013 Universidad Aut\u00f3noma de Occidente<\/p>\n<p><strong>L\u00cdNEAS DE INVESTIGACI\u00d3N<\/strong><\/p>\n<p><span style=\"font-weight: 400\">\u00a0\u00c1lgebra lineal num\u00e9rica, Optimizaci\u00f3n num\u00e9rica, Modelaci\u00f3n matem\u00e1tica<\/span><\/p>\n<p><b>SITIOS EXTERNOS <\/b><\/p>\n<p><a href=\"http:\/\/scienti.colciencias.gov.co:8081\/cvlac\/visualizador\/generarCurriculoCv.do?cod_rh=0000273376\">CVLAC-COLCIENCIAS<\/a><\/p>\n<p><a href=\"http:\/\/0000-0001-9747-0671\" data-wplink-url-error=\"true\">ORCID<\/a><\/p>\n","protected":false},"excerpt":{"rendered":"<p>NOMBRE COMPLETO Y APELLIDOS: H\u00e9ctor Jairo Mart\u00ednez Romero ENTIDAD : Universidad del Valle UNIVERSIDAD: Universidad del Valle FACULTAD: Ciencias Naturales y Exactas DEPARTAMENTO: Matem\u00e1ticas CORREO ELECTR\u00d3NICO: hector.martinez@correounivalle.edu.co TEL\u00c9FONO: 321 2100 Ext. 3117 FORMACI\u00d3N ACAD\u00c9MICA Pregrado: Matem\u00e1tico, Universidad del Valle, 1976. \u00a0\u00a0\u00a0\u00a0\u00a0\u00a0\u00a0\u00a0\u00a0\u00a0\u00a0\u00a0 M\u00e9dico y Cirujano, Universidad del Valle, 2004 \u00a0 Postgrados: Maestr\u00eda en Matem\u00e1ticas Aplicadas, Rice University, 1986 Maestr\u00eda en Ciencias<\/p>\n","protected":false},"author":1,"featured_media":0,"parent":30,"menu_order":0,"comment_status":"closed","ping_status":"closed","template":"","meta":{"footnotes":""},"class_list":["post-76","page","type-page","status-publish","hentry"],"acf":[],"_links":{"self":[{"href":"https:\/\/sitios.uao.edu.co\/mobimat\/wp-json\/wp\/v2\/pages\/76","targetHints":{"allow":["GET"]}}],"collection":[{"href":"https:\/\/sitios.uao.edu.co\/mobimat\/wp-json\/wp\/v2\/pages"}],"about":[{"href":"https:\/\/sitios.uao.edu.co\/mobimat\/wp-json\/wp\/v2\/types\/page"}],"author":[{"embeddable":true,"href":"https:\/\/sitios.uao.edu.co\/mobimat\/wp-json\/wp\/v2\/users\/1"}],"replies":[{"embeddable":true,"href":"https:\/\/sitios.uao.edu.co\/mobimat\/wp-json\/wp\/v2\/comments?post=76"}],"version-history":[{"count":3,"href":"https:\/\/sitios.uao.edu.co\/mobimat\/wp-json\/wp\/v2\/pages\/76\/revisions"}],"predecessor-version":[{"id":1066,"href":"https:\/\/sitios.uao.edu.co\/mobimat\/wp-json\/wp\/v2\/pages\/76\/revisions\/1066"}],"up":[{"embeddable":true,"href":"https:\/\/sitios.uao.edu.co\/mobimat\/wp-json\/wp\/v2\/pages\/30"}],"wp:attachment":[{"href":"https:\/\/sitios.uao.edu.co\/mobimat\/wp-json\/wp\/v2\/media?parent=76"}],"curies":[{"name":"wp","href":"https:\/\/api.w.org\/{rel}","templated":true}]}}