{"id":42,"date":"2017-01-23T10:14:22","date_gmt":"2017-01-23T15:14:22","guid":{"rendered":"https:\/\/sitios.uao.edu.co\/mobimat\/?page_id=42\/"},"modified":"2023-12-19T15:52:31","modified_gmt":"2023-12-19T20:52:31","slug":"lista-de-articulos","status":"publish","type":"page","link":"https:\/\/sitios.uao.edu.co\/mobimat\/proyecto-aedes-aegypti\/lista-de-articulos\/","title":{"rendered":"Lista de articulos"},"content":{"rendered":"<div class=\"wpb-content-wrapper\">\t\t<div data-elementor-type=\"wp-page\" data-elementor-id=\"42\" class=\"elementor elementor-42\">\n\t\t\t\t\t\t<section class=\"elementor-section elementor-top-section elementor-element elementor-element-350561c6 elementor-section-boxed elementor-section-height-default elementor-section-height-default\" data-id=\"350561c6\" data-element_type=\"section\">\n\t\t\t\t\t\t<div class=\"elementor-container elementor-column-gap-default\">\n\t\t\t\t\t<div class=\"elementor-column elementor-col-100 elementor-top-column elementor-element elementor-element-77fbe528\" data-id=\"77fbe528\" data-element_type=\"column\">\n\t\t\t<div class=\"elementor-widget-wrap elementor-element-populated\">\n\t\t\t\t\t\t<div class=\"elementor-element elementor-element-4771346 elementor-widget elementor-widget-text-editor\" data-id=\"4771346\" data-element_type=\"widget\" data-widget_type=\"text-editor.default\">\n\t\t\t\t<div class=\"elementor-widget-container\">\n\t\t\t\t\t\t\t\t\t<p>[vc_row][vc_column][vc_column_text][\/vc_column_text][vc_tta_accordion][vc_tta_section title=\u00bb2018 -2023&#8243; tab_id=\u00bb1620677955923-a4658fae-9ba8&#8243;][vc_column_text]<\/p><ul><li><span style=\"font-weight: 400\"><a href=\"https:\/\/doi.org\/10.1007\/s12190-023-01903-6\">Assessing the effect of migration and immigration rates on the transmission dynamics of infectious diseases.<\/a> G\u00f3mez, M. C., Mondrag\u00f3n, E. I., &amp; Bernate, C. A. R. (2023).\u00a0 <\/span><i><span style=\"font-weight: 400\">Journal of Applied Mathematics and Computing<\/span><\/i><span style=\"font-weight: 400\">,\u00a0<\/span><i><span style=\"font-weight: 400\">69<\/span><\/i><span style=\"font-weight: 400\"><span style=\"font-weight: 400\">(5), 3819-3834.<\/span><\/span><p>\u00a0<\/p><\/li><li><span style=\"font-weight: 400\"><a href=\"https:\/\/doi.org\/10.14483\/23448350.20549\">Mathematical Model for the Dynamics of Tuberculosis Considering Low-Risk Latents.<\/a> Arias-Castro, Heliana, Gir\u00f3n-Carabal\u00ed, Tatiana, &amp; Mart\u00ednez-Romero, H\u00e9ctor J. (2023). . <\/span><i><span style=\"font-weight: 400\">Revista cient\u00edfica<\/span><\/i><span style=\"font-weight: 400\"><span style=\"font-weight: 400\"><span style=\"font-weight: 400\">, (47), 138-154.<\/span><\/span><\/span><p>\u00a0<\/p><\/li><li><span style=\"font-weight: 400\"><span style=\"font-weight: 400\"><a href=\"https:\/\/www.aimspress.com\/article\/doi\/10.3934\/mbe.2023053\">Monotonicity properties arising in a simple model of Wolbachia invasion for wild mosquito populations.<\/a> Vicencio, D., Vasilieva, O., and P. Gajardo (2023). Mathematical Biosciences and Engineering, Vol. 20, No. 1, pp. 1148-1175, DOI: 10.3934\/mbe.2023053<\/span><\/span><p>\u00a0<\/p><\/li><li><span style=\"font-weight: 400\"><span style=\"font-weight: 400\"><a href=\"https:\/\/www.sciencedirect.com\/science\/article\/abs\/pii\/S0307904X23000823\">Sex-structured model of Wolbachia invasion and design of sex-biased release strategies in Aedes spp mosquitoes populations<\/a>. Bliman, P.-A., Dumont, Y., Escobar-Lasso, O. E., Martinez-Romero, H. J., and O. Vasilieva (2023). Applied Mathematical Modelling, Vol. 119, pp.\u00a0 391-412, DOI: 10.1016\/j.apm.2023.02.023<\/span><\/span><p>\u00a0<\/p><\/li><li><span style=\"font-weight: 400\"><span style=\"font-weight: 400\"><a href=\"https:\/\/www.mdpi.com\/2227-7390\/11\/18\/3921\">Optimal Control of a Two-Patch Dengue Epidemic under Limited Resources.<\/a> Barrios-Rivera, E., Vasilieva, O., and M. Svinin (2023). Mathematics, Vol. 11, Article ID: 3921, DOI: 10.3390\/math11183921<\/span><\/span><p>\u00a0<\/p><\/li><li><a style=\"font-weight: 400\" href=\"https:\/\/arxiv.org\/abs\/2310.12608\">Pheromone trapping for control of Asian citrus psyllid, Diaphorina citri Kuwayama (Hemiptera: Liviidae)<\/a><span style=\"font-weight: 400\"><span style=\"font-weight: 400\">. Daiver Cardona-Salgado, Yves Dumont, Olga Vasilieva (2023). ArXiV, https:\/\/arxiv.org\/abs\/2310.12608<\/span><\/span><p>\u00a0<\/p><\/li><li><span style=\"font-weight: 400\"><span style=\"font-weight: 400\"><a href=\"https:\/\/www.aimspress.com\/article\/doi\/10.3934\/mbe.2022509?viewType=HTML\">A synthesized model of tuberculosis transmission featuring treatment abandonment<\/a>. Barrios-Rivera, E., Bastidas-Santacruz, H. E., Ramirez-Bernate, C. A., and O. Vasilieva (2022). Mathematical Biosciences and Engineering, Vol. 19, No. 11, pp. 10882-10914; DOI: 10.3934\/mbe.2022509<\/span><\/span><p>\u00a0<\/p><\/li><li><span style=\"font-weight: 400\"><span style=\"font-weight: 400\"><a href=\"https:\/\/raccefyn.co\/index.php\/raccefyn\/article\/view\/analisi_matematico_de_un_modelo_metapoblaciona_para_la_dinamica_\">An\u00e1lisis matem\u00e1tico de un modelo metapoblacional para la din\u00e1mica del dengue<\/a>. Llanos, Aarom., &amp; Arias, Heliana. (2022). . Revista de la Academia Colombiana de Ciencias Exactas, F\u00edsicas y Naturales, 46(179), 550-564.<\/span><\/span><p>\u00a0<\/p><\/li><li><span style=\"font-weight: 400\"><span style=\"font-weight: 400\"><a href=\"https:\/\/pubs.aip.org\/aip\/cha\/article-abstract\/32\/4\/041105\/2835607\/A-metapopulation-approach-to-identify-targets-for?redirectedFrom=fulltext\">A metapopulation approach to identify targets for Wolbachia-based dengue control<\/a>. Reyna-Lara, Adriana, Soriano-Pa\u00f1os, David, Arias-Castro,\u00a0 Heliana, Mart\u00ednez, H\u00e9ctor &amp; G\u00f3mez-Garde\u00f1es, Jes\u00fas. (2022). Chaos: An Interdisciplinary Journal of Nonlinear Science, 32(4).<\/span><\/span><p>\u00a0<\/p><\/li><li><a href=\"http:\/\/www.aimspress.com\/article\/doi\/10.3934\/mbe.2021149\" target=\"_blank\" rel=\"noopener noreferrer\">Optimal release programs for dengue prevention using Aedes aegypti mosquitoes transinfected with wMel or wMelPop Wolbachia strains<\/a>. Daiver Cardona Salagado, Doris Elena Campo Duarte, Lilian Sofia Sepulveda Salcedo, Mikhail Svinin and Olga Vasilieva. Mathematical Biosciences and Engineering, 18(3<span style=\"font-size: 0.95em\">), <\/span><span style=\"font-size: 0.95em\">Pages 2952<\/span><span style=\"font-size: 0.95em\">-2990. 2021.<\/span><\/li><\/ul><ul><li><a href=\"https:\/\/onlinelibrary.wiley.com\/doi\/abs\/10.1111\/sapm.12295\" target=\"_blank\" rel=\"noopener noreferrer\">Optimal control of dengue epidemic outbreaks under limited resources<\/a>. Lilian Sofia Sepulveda Salcedo, Mikhail Svinin and Olga Vasilieva. Studies in Applied Mathematics, 144(<span style=\"font-size: 0.95em\">2), <\/span><span style=\"font-size: 0.95em\">Pages <\/span><span style=\"font-size: 0.95em\">185-212. 2020.<\/span><\/li><\/ul><ul><li><a class=\"gsc_vcd_title_link\" href=\"https:\/\/www.sciencedirect.com\/science\/article\/abs\/pii\/S0307904X20300329\" target=\"_blank\" rel=\"noopener noreferrer\" data-clk=\"hl=en&amp;sa=T&amp;ei=a9CZYOyML9WBmAGez53IAw\">Wolbachia-based biocontrol for dengue reduction using dynamic optimization approach. <\/a>Daiver Cardona-Salgado, Doris E Campo-Duarte, Lilian S Sepulveda-Salcedo, Olga Vasilieva. Applied Mathematical Modelling, Volume 82,\u00a0 <span style=\"font-size: 0.95em\">Pages <\/span><span style=\"font-size: 0.95em\">125-149, 2020.<\/span><\/li><\/ul><ul><li><a class=\"gsc_vcd_title_link\" href=\"https:\/\/www.mdpi.com\/2073-4336\/11\/4\/62\" data-clk=\"hl=en&amp;sa=T&amp;ei=6tCZYJaWLNWBmAGez53IAw\">Biological and Chemical Control of Mosquito Population by Optimal Control Approach<\/a>. Juddy Heliana Arias-Castro, Hector Jairo Martinez-Romero, Olga Vasilieva. Games, <span style=\"font-size: 0.95em\">11(<\/span><span style=\"font-size: 0.95em\">4), 2020.<\/span><\/li><\/ul><ul><li><span style=\"font-weight: 400\"><span style=\"font-weight: 400\"><a class=\"gsc_a_at\" href=\"https:\/\/onlinelibrary.wiley.com\/doi\/epdf\/10.1111\/nrm.12193\" target=\"_blank\" rel=\"noopener noreferrer\" data-href=\"\/citations?view_op=view_citation&amp;hl=en&amp;user=WCjrBnAAAAAJ&amp;sortby=pubdate&amp;citation_for_view=WCjrBnAAAAAJ:dhFuZR0502QC\">Catch\u2010to\u2010stock dependence: The case of small pelagic fishery with bounded harvesting effort<\/a>. <\/span><\/span>E Cruz\u2010Rivera, H Ram\u00edrez C, O Vasilieva. Natural Resource Modeling 32 (1), e12193. <span style=\"font-weight: 400\">2019.<\/span><\/li><\/ul><ul><li><a class=\"gsc_a_at\" href=\"https:\/\/www.mdpi.com\/2227-9717\/7\/4\/197\" target=\"_blank\" rel=\"noopener noreferrer\" data-href=\"\/citations?view_op=view_citation&amp;hl=en&amp;user=WCjrBnAAAAAJ&amp;sortby=pubdate&amp;citation_for_view=WCjrBnAAAAAJ:hFOr9nPyWt4C\">Optimal strategies for dengue prevention and control during daily commuting between two residential areas. <\/a>D Lasluisa, E Barrios, O Vasilieva. Processes 7 (4), 197. 2019.<\/li><\/ul><ul><li><a class=\"gsc_a_at\" href=\"https:\/\/www.sciencedirect.com\/science\/article\/abs\/pii\/S0025556418307156\" target=\"_blank\" rel=\"noopener noreferrer\" data-href=\"\/citations?view_op=view_citation&amp;hl=en&amp;user=WCjrBnAAAAAJ&amp;sortby=pubdate&amp;citation_for_view=WCjrBnAAAAAJ:ZeXyd9-uunAC\">Implementation of control strategies for sterile insect techniques. <\/a>PA Bliman, D Cardona-Salgado, Y Dumont, O Vasilieva. Mathematical biosciences 314, 43-60. 2019.<\/li><\/ul><ul><li><a href=\"http:\/\/www.naturalspublishing.com\/Article.asp?ArtcID=13316\">Establishing wMelPop Wolbachia Infection among Wild Aedes aegypti Females by Optimal Control Approach<\/a>.\u00a0Doris E. Campo-Duarte, Daiver Cardona-Salgado Olga Vasilieva. Applied Mathematics &amp; Information Sciences, Vol.11 Issue.4 p.1011 \u2013 1027, 2018.<\/li><\/ul><ul><li><span style=\"font-weight: 400\"><a href=\"https:\/\/link.springer.com\/article\/10.1007%2Fs00285-018-1213-2\">Optimal control methods for establishing Wolbachia infection among wild Aedes aegypti populations<\/a>. Campo-Duarte, D., Vasilieva, O., Cardona-Salgado, D. and M. Svinin.\u00a0Journal Of Mathematical Biology, Vol.76 Issue 1 p.1-44, 2018.<\/span><\/li><\/ul><ul><li><a href=\"https:\/\/www.sciencedirect.com\/science\/article\/pii\/S0025556417305527\">Sustainable thresholds for cooperative epidemiological models<\/a>.\u00a0Barrios, E., Gajardo, P. and Vasilieva O.\u00a0Mathematical Biociences, Vol. 302, p. 9-18, 2018.<\/li><\/ul><ul><li><a href=\"https:\/\/www.sciencedirect.com\/science\/article\/pii\/S0022519318302431\">Assessing the effects of daily commuting in two-patch dengue dynamics: a case study of Cali, Colombia<\/a>. Barrios, E., Lee, S., and Vasilieva O. Journal of Theoretical Biology, Vol.453, p. 114-39, 2018.<\/li><\/ul><ul><li><a href=\"http:\/\/www.naturalspublishing.com\/Article.asp?ArtcID=13316\">Establishing wMelPop Wolbachia Infection among Wild Aedes aegypti Females by Optimal Control Approach<\/a>.\u00a0Doris E. Campo-Duarte, Daiver Cardona-Salgado Olga Vasilieva. Applied Mathematics &amp; Information Sciences, Vol.11 Issue.4 p.1011 \u2013 1027, 2018.<\/li><\/ul><ul><li><span style=\"font-weight: 400\"><a href=\"https:\/\/link.springer.com\/article\/10.1007%2Fs00285-018-1213-2\">Optimal control methods for establishing Wolbachia infection among wild Aedes aegypti populations<\/a>. Campo-Duarte, D., Vasilieva, O., Cardona-Salgado, D. and M. Svinin. Journal Of Mathematical Biology, Vol.76 Issue 1 p.1-44, 2018.2017<\/span><\/li><\/ul><p>[\/vc_column_text][\/vc_tta_section][vc_tta_section title=\u00bb2016-2017&#8243; tab_id=\u00bb1626879919996-3af3d906-c931&#8243;][vc_column_text]<\/p><ul><li style=\"font-weight: 400\"><a href=\"http:\/\/www.ijpam.eu\/contents\/2017-112-2\/1\/1.pdf\"><span style=\"font-weight: 400\">Optimal control for enhancement of wolbachia frequency among aedes aegypti females.<\/span><\/a><span style=\"font-weight: 400\">\u00a0Campo-DuarteD. E., Vasilieva O. and Cardona-Salgado D.<\/span><i><span style=\"font-weight: 400\">\u00a0International Journal of Pure and Applied Mathematics<\/span><\/i><span style=\"font-weight: 400\">, 2017, Volume 112, No. 2, pp. 219-238.<\/span><\/li><\/ul><ul><li style=\"font-weight: 400\"><a href=\"http:\/\/onlinelibrary.wiley.com\/doi\/10.1002\/mma.3932\/abstract\"><span style=\"font-weight: 400\">Optimal control approach to dengue reduction and prevention and Cali, Colombia.<\/span><\/a><span style=\"font-weight: 400\"> Sep\u00falveda-Salcedo L. S, Vasilieva O.\u00a0Mathematical Methods in the Applied Sciences, 2016, \u00a0Vol 39, Issue 14.<\/span><\/li><\/ul><ul><li style=\"font-weight: 400\"><a href=\"http:\/\/www.sciencedirect.com\/science\/article\/pii\/S0025556416300931\"><span style=\"font-weight: 400\">Viable control of an epidemiological model<\/span><\/a><span style=\"font-weight: 400\">. De Lara, M. and Sep\u00falveda-Salcedo, L.S. Mathematical Biosciences, October 2016, Vol 280, pp. 24\u201337.<\/span><\/li><\/ul><ul><li style=\"font-weight: 400\"><a href=\"http:\/\/colombiamedica.univalle.edu.co\/index.php\/comedica\/article\/view\/1592\"><span style=\"font-weight: 400\">La etnia afroamericana, parad\u00f3jico factor protector contra Dengue<\/span><\/a><span style=\"font-weight: 400\">.\u00a0Rojas, J.H., Alzate, A., Mart\u00ednez, H.J. y Concha, A.\u00a0Revista Colombia M\u00e9dica,\u00a02016, Vol 47, No. 3.<\/span><\/li><\/ul><p>[\/vc_column_text][\/vc_tta_section][vc_tta_section title=\u00bb2015&#8243; tab_id=\u00bb1620678396831-aeb083c3-7622&#8243;][vc_column_text]<\/p><ul><li><a href=\"http:\/\/www.scielo.org.co\/scielo.php?script=sci_arttext&amp;pid=S0124-00642015000500009\">Ross Macdonald: un modelo para la din\u00e1mica del dengue en Cali, Colombia<\/a>.\u00a0Sep\u00falveda-Salcedo, L. S., Vasilieva, O., Mart\u00ednez-Romero, H. J., and J. H. Arias-Castro, Revista de Salud P\u00fablica, 2015, Vol. 17, No. 5, pp. 749-761.<br \/><br \/><\/li><li><a href=\"http:\/\/www.ijpam.eu\/contents\/2015-105-4\/2\/2.pdf\">Predator-prey model for analysis of\u00a0<em>Aedes aegypti\u00a0<\/em>population dynamics in Cali, Colombia.<\/a>Arias, J. H., Martinez, H. J., Sepulveda-Salcedo, L. S., and O. Vasilieva.\u00a0<em>International Journal of Pure and Applied Mathematics<\/em>, Vol. 105, No. 4, pp. 561-598.<br \/><br \/><\/li><li><a href=\"http:\/\/www.ijpam.eu\/contents\/2015-102-4\/6\/6.pdf\">A control theory approach aimed at sustainable conservation of single species under human intervention<\/a>.\u00a0Cruz-Rivera, E. y \u00a0O. Vasilieva. International Journal of Pure and Applied Mathematics, 2015, Vol. 102, No. 4, pp. 653-669.<br \/><br \/><\/li><li><a href=\"http:\/\/onlinelibrary.wiley.com\/doi\/10.1111\/nrm.12060\/abstract\">From harvesting to non-harvesting utility: an optimal control approach to species conservation<\/a>. Vaslieva, O. Natural Resource Modeling, 2015, Vol. 28, No. 2, pp. 133-151.<br \/><br \/><\/li><li><a href=\"http:\/\/www.sciencedirect.com\/science\/article\/pii\/S0040580912000822\">Optimal policies aimed at stabilization of populations with logistic growth under human intervention<\/a>.\u00a0Cruz-Rivera, E. y \u00a0O. Vasilieva.\u00a0Theoretical Population Biology, 2013, Vol. 83,\u00a0 pp. 123-135.<br \/><br \/><\/li><li><a href=\"http:\/\/www.sciencedirect.com\/science\/article\/pii\/S0304380013002755\">Optimal short-term policies for protection of single biological species from local extinction<\/a>.\u00a0Cruz-Rivera, E. Vasilieva, O. \u00a0y \u00a0M. Svinin.\u00a0Ecological Modelling, Vol. 263, pp. 273-280, 2013.<br \/><br \/><\/li><li><a href=\"http:\/\/citeweb.info\/20110757962\">Bioeconomic model with Gompertz population growth and species conservation<\/a>.\u00a0Campo-Duarte, D. E. y \u00a0O. Vasilieva. International Journal of Pure and Applied Mathematics, Vol. 72, No. 1, pp. 49-63, 2011.<\/li><\/ul><p>[\/vc_column_text][\/vc_tta_section][\/vc_tta_accordion][\/vc_column][\/vc_row]<\/p>\t\t\t\t\t\t\t\t<\/div>\n\t\t\t\t<\/div>\n\t\t\t\t\t<\/div>\n\t\t<\/div>\n\t\t\t\t\t<\/div>\n\t\t<\/section>\n\t\t\t\t<\/div>\n\t\t<\/div>","protected":false},"excerpt":{"rendered":"<p>[vc_row][vc_column][vc_column_text][\/vc_column_text][vc_tta_accordion][vc_tta_section title=\u00bb2018 -2023&#8243; tab_id=\u00bb1620677955923-a4658fae-9ba8&#8243;][vc_column_text] Assessing the effect of migration and immigration rates on the transmission dynamics of infectious diseases. G\u00f3mez, M. C., Mondrag\u00f3n, E. I., &amp; Bernate, C. A. R. (2023).\u00a0 Journal of Applied Mathematics and Computing,\u00a069(5), 3819-3834. \u00a0 Mathematical Model for the Dynamics of Tuberculosis Considering Low-Risk Latents. Arias-Castro, Heliana, Gir\u00f3n-Carabal\u00ed, Tatiana, &amp; Mart\u00ednez-Romero, H\u00e9ctor J. (2023). . Revista<\/p>\n","protected":false},"author":1,"featured_media":0,"parent":24,"menu_order":0,"comment_status":"closed","ping_status":"closed","template":"","meta":{"footnotes":""},"class_list":["post-42","page","type-page","status-publish","hentry"],"acf":[],"_links":{"self":[{"href":"https:\/\/sitios.uao.edu.co\/mobimat\/wp-json\/wp\/v2\/pages\/42","targetHints":{"allow":["GET"]}}],"collection":[{"href":"https:\/\/sitios.uao.edu.co\/mobimat\/wp-json\/wp\/v2\/pages"}],"about":[{"href":"https:\/\/sitios.uao.edu.co\/mobimat\/wp-json\/wp\/v2\/types\/page"}],"author":[{"embeddable":true,"href":"https:\/\/sitios.uao.edu.co\/mobimat\/wp-json\/wp\/v2\/users\/1"}],"replies":[{"embeddable":true,"href":"https:\/\/sitios.uao.edu.co\/mobimat\/wp-json\/wp\/v2\/comments?post=42"}],"version-history":[{"count":3,"href":"https:\/\/sitios.uao.edu.co\/mobimat\/wp-json\/wp\/v2\/pages\/42\/revisions"}],"predecessor-version":[{"id":1185,"href":"https:\/\/sitios.uao.edu.co\/mobimat\/wp-json\/wp\/v2\/pages\/42\/revisions\/1185"}],"up":[{"embeddable":true,"href":"https:\/\/sitios.uao.edu.co\/mobimat\/wp-json\/wp\/v2\/pages\/24"}],"wp:attachment":[{"href":"https:\/\/sitios.uao.edu.co\/mobimat\/wp-json\/wp\/v2\/media?parent=42"}],"curies":[{"name":"wp","href":"https:\/\/api.w.org\/{rel}","templated":true}]}}