{"id":411,"date":"2017-04-05T11:42:59","date_gmt":"2017-04-05T15:42:59","guid":{"rendered":"https:\/\/sitios.uao.edu.co\/mobimat\/?page_id=411"},"modified":"2022-03-30T09:52:17","modified_gmt":"2022-03-30T14:52:17","slug":"ejecutados","status":"publish","type":"page","link":"https:\/\/sitios.uao.edu.co\/mobimat\/ejecutados\/","title":{"rendered":"Ejecutados"},"content":{"rendered":"<div class=\"wpb-content-wrapper\"><p>[vc_row][vc_column][vc_tta_accordion active_section=\u00bb\u00bb collapsible_all=\u00bbtrue\u00bb][vc_tta_section title=\u00bbRed de modelamiento y control de enfermedades transmisibles e infecciosas\u00bb tab_id=\u00bb1594739891070-1e0ffa19-1016&#8243;][vc_column_text]<strong>Fuentes de financiaci\u00f3n<\/strong><strong>:<\/strong>\u00a0CONICYT-REDES170059<\/p>\n<p><strong>Periodo de ejecuci\u00f3n<\/strong><strong>:<\/strong>\u00a02018-2019<\/p>\n<p><strong>Investigadores principales<\/strong><strong>:<\/strong>\u00a0Pedro Gajardo (Coordinador Chile)<\/p>\n<p><strong>Resumen<\/strong><strong>: <\/strong>El objetivo principal es consolidar un equipo de trabajo productivo y crear una cooperaci\u00f3n cient\u00edfica duradera entre los miembros del proyecto en Chile (centros AM2V y CMM) y Colombia (centro MoBiMat) generando y fomentando fuertes conexiones entre las \u00e1reas de sistemas din\u00e1micos, control \u00f3ptimo y optimizaci\u00f3n en los dos centros, atendiendo especialmente a problemas de epidemiolog\u00eda. Para ello, la cooperaci\u00f3n cient\u00edfica se centrar\u00e1 en tres temas principales:<\/p>\n<p>(1) An\u00e1lisis cuantitativo y cualitativo de la din\u00e1mica no lineal que describe la evoluci\u00f3n de enfermedades transmisibles o infecciosas.<\/p>\n<p>(2) T\u00e9cnicas de la teor\u00eda de la viabilidad para calcular objetivos sostenibles para el control de enfermedades transmisibles o infecciosas.<\/p>\n<p>(3) Enfoque de optimizaci\u00f3n y costo-efectividad para la toma de decisiones dirigidas a la prevenci\u00f3n, reducci\u00f3n y tratamiento de enfermedades transmisibles o infecciosas[\/vc_column_text][\/vc_tta_section][vc_tta_section title=\u00bbModelamiento, Optimizaci\u00f3n y Viabilidad para el Control de Epidemias (MOVECO)\u00bb tab_id=\u00bb1594738462591-379b7784-ab52&#8243;][vc_column_text]<strong>Fuentes de financiaci\u00f3n<\/strong><strong>:<\/strong>\u00a0MEAE, CONICYT, CMM-Universidad de Chile, COLCIENCIAS<\/p>\n<p><strong>Periodo de ejecuci\u00f3n<\/strong><strong>:<\/strong>\u00a02018-2019<\/p>\n<p><strong>Investigadores principales<\/strong><strong>:<\/strong>\u00a0Olga Vasilieva (Coordinador Internacional)<\/p>\n<p><strong>Resumen<\/strong><strong>:<\/strong> Las enfermedades transmisibles e infecciosas constituyen una de las principales causas de enfermedad y muerte en todo el mundo. La diversidad de agentes infecciosos (virus, bacterias, microbios, etc.) combinado con su capacidad para evolucionar y adaptarse a los cambios (poblaciones hu\u00e9spedes, medio ambientales, pr\u00e1cticas y tecnolog\u00edas) generan una continua amenaza para la salud humana y exige pol\u00edticas m\u00e1s sofisticadas para la prevenci\u00f3n y control de enfermedades. Este proyecto combina la experiencia y las habilidades de economistas, estad\u00edsticos, m\u00e9dicos, profesionales en salud p\u00fablica, matem\u00e1ticos aplicados y cient\u00edficos con experticia en \u00a0control para proponer modelos matem\u00e1ticos \u00fatiles y desarrollar nuevos m\u00e9todos (basados en enfoques de optimizaci\u00f3n y viabilidad) para el control de enfermedades transmisibles e infecciosas.<\/p>\n<p>Para mas informaci\u00f3n disponible haga clic\u00a0<a href=\"http:\/\/pgajardo.mat.utfsm.cl\/MOVECO\/\">aqu\u00ed<\/a>[\/vc_column_text][\/vc_tta_section][vc_tta_section title=\u00bbNuevos m\u00e9todos de control del dengue y otros arbovirus relacionados\u00bb tab_id=\u00bb1583183007304-f65bc3b2-64e3&#8243;][vc_column_text]<strong>Fuentes de financiaci\u00f3n:<\/strong> Colciencias \u2013 ECOS-Nord (Francia)<\/p>\n<p><strong>Periodo de ejecuci\u00f3n:<\/strong> Enero de 2017 a Diciembre de 2019<\/p>\n<p><strong>Investigadores principales:<\/strong> Olga Vasilieva (Colombia), Pierre-Alexandre Bliman (Francia)<\/p>\n<p><strong>Resumen: <\/strong>El objetivo principal de este proyecto es elaborar modelos matem\u00e1ticos y proponer nuevos m\u00e9todos basados en el biocontrol (uso de depredadores naturales y simbiontes de Wolbachia) para mejorar la vigilancia epidemiol\u00f3gica y el control de infecciones arbovirales transmitidas por el mosquito Aedes aegypti. Otro prop\u00f3sito importante de este proyecto consiste en fomentar la cooperaci\u00f3n internacional con investigadores franceses, en la participaci\u00f3n activa de tres estudiantes de doctorado y en la consolidaci\u00f3n de los grupos de investigaci\u00f3n multidisciplinarios en Colombia y Francia. Tambi\u00e9n se espera que la socializaci\u00f3n de los resultados del proyecto contribuya al desarrollo de un control de vectores que pueda prevenir la propagaci\u00f3n de la infecci\u00f3n por arbovirus en Cali y el Valle del Cauca.[\/vc_column_text][\/vc_tta_section][vc_tta_section title=\u00bbDependencia entre la biomasa y captura: el caso de peque\u00f1os peces pel\u00e1gicos\u00bb tab_id=\u00bb1491403775193-a0657903-3f3f\u00bb][vc_column_text]<strong>Fuentes de financiaci\u00f3n<\/strong><span style=\"font-weight: 400\"><strong>:<\/strong> Universidad del Valle \u2013 Convocatoria \u00a0interna 2017<\/span><\/p>\n<p><strong>Periodo de ejecuci\u00f3n<\/strong><span style=\"font-weight: 400\"><strong>:<\/strong> 2017-2018<\/span><\/p>\n<p><strong>Investigador principal<\/strong><span style=\"font-weight: 400\"><strong>:<\/strong> Olga Vaislieva<\/span><\/p>\n<p><strong>Resumen<\/strong><span style=\"font-weight: 400\"><strong>:<\/strong> Las caracter\u00edsticas biol\u00f3gicas de las especies de peces pel\u00e1gicos explican por qu\u00e9 las tasas de captura en las pesquer\u00edas pel\u00e1gicas no son proporcionales al tama\u00f1o del stock existente y pueden no mostrar variaci\u00f3n en su tama\u00f1o en los per\u00edodos de abundancia y escasez de peces. Por lo tanto, las no linealidades dependientes del stock en la capturabilidad deben reflejarse en el dise\u00f1o de pol\u00edticas flexibles de pesca que se dirijan a la explotaci\u00f3n sostenible de este importante recurso natural. En este proyecto, tales no linealidades se expresan a trav\u00e9s de la eventual variabilidad del par\u00e1metro de \u201ccaptura-biomasa\u201d que mide la sensibilidad de un rendimiento de captura adicional a los cambios marginales respecto al tama\u00f1o de la poblaci\u00f3n de peces. Utilizando el marco de modelamiento de control \u00f3ptimo, establecemos que cada valor del par\u00e1metro \u201ccaptura-biomasa\u201d genera un valor de estado estacionario \u00fanico de la poblaci\u00f3n de peces y este \u00faltimo engendra una pol\u00edtica \u00f3ptima de pesca que puede sostenerse siempre que dicho par\u00e1metro no se altera. Tambi\u00e9n demostramos la dependencia continua de la biomasa en estado estacionario y la pol\u00edtica de pesca subyacente sobre el par\u00e1metro de \u201ccaptura-biomasa\u201d mencionado y nos centramos en el an\u00e1lisis de las respuestas de equilibrio a los cambios en este par\u00e1metro inducidos por perturbaciones externas.<\/span>[\/vc_column_text][\/vc_tta_section][vc_tta_section title=\u00bbEnfoque de redes complejas y modelamiento metapoblacional para el dise\u00f1o de pol\u00edticas de control del dengue en el \u00e1rea metropolitana de Cali\u00bb tab_id=\u00bb1583183412468-968943c5-57ac\u00bb][vc_column_text]<strong>Fuente de financiaci\u00f3n<\/strong><span style=\"font-weight: 400\"><strong>:<\/strong> Universidad del Valle-Convocatoria Interna<\/span><\/p>\n<p><strong>Periodo de ejecuci\u00f3n<\/strong><span style=\"font-weight: 400\"><strong>:<\/strong> 2016-2018<\/span><\/p>\n<p><strong>Investigador principa<\/strong><span style=\"font-weight: 400\"><strong>l:<\/strong> Heliana Arias Castro<\/span><\/p>\n<p><strong>Resumen<\/strong><span style=\"font-weight: 400\"><strong>:<\/strong> Con este proyecto, pretendemos aportar un mejor conocimiento de la din\u00e1mica del dengue, vali\u00e9ndonos de la modelaci\u00f3n matem\u00e1tica para analizar c\u00f3mo la movilidad de las personas (sanas y\/o infecciosas) influye en la propagaci\u00f3n de esta enfermedad y sus posibles tendencias a mediano y largo plazo y as\u00ed contribuir al dise\u00f1o de pol\u00edticas de control para disminuir su incidencia en Cali y su \u00e1rea Metropolitana.<\/span>[\/vc_column_text][\/vc_tta_section][vc_tta_section title=\u00bbModelamiento de la propagaci\u00f3n y control (\u00f3ptimo) de Arboviroses con Wolbachia (MOSTICAW)\u00bb tab_id=\u00bb1553270165204-ab65f137-1d70&#8243;][vc_column_text]<strong>Fuentes de financiaci\u00f3n<\/strong><span style=\"font-weight: 400\"><strong>:<\/strong> 16- STIC-02 MOSTICAW project<\/span><\/p>\n<p><strong>Periodo de ejecuci\u00f3n<\/strong><span style=\"font-weight: 400\"><strong>:<\/strong> 2016-2017<\/span><\/p>\n<p><strong>Investigadores principales<\/strong><span style=\"font-weight: 400\"><strong>:<\/strong> Pierre-Alexandre Bliman<\/span><\/p>\n<p><strong>Resumen<\/strong><span style=\"font-weight: 400\"><strong>:<\/strong> La propagaci\u00f3n de ciertas cepas de la bacteria parasitaria intracelular Wolbachia en poblaciones de mosquitos Aedes aegypti reduce dr\u00e1sticamente su competencia como vector del dengue y otras enfermedades virales graves transmitidas por mosquitos, conocidas como infecciones por arbovirus. Una pregunta clave sobre este m\u00e9todo se refiere a las estrategias efectivas de liberaci\u00f3n de mosquitos infectados en una zona que se pueden aplicar con un costo limitado para alcanzar el estado deseado erradicaci\u00f3n de mosquitos libres de Wolbachia. \u00a0El estudio matem\u00e1tico de los temas centrales es el n\u00facleo de este proyecto.<\/span>[\/vc_column_text][\/vc_tta_section][vc_tta_section title=\u00bbModelos y m\u00e9todos matem\u00e1ticos para el control y la vigilancia del dengue\u00bb tab_id=\u00bb1533331785019-6579c388-0bb2&#8243;][vc_column_text]<strong>Fuentes de financiaci\u00f3n<\/strong><span style=\"font-weight: 400\"><strong>:<\/strong> COLCIENCIAS, Universidad del Valle, Universidad Aut\u00f3noma de Occidente<\/span><\/p>\n<p><strong>Periodo de ejecuci\u00f3n<\/strong><span style=\"font-weight: 400\"><strong>:<\/strong> 2014-2017<\/span><\/p>\n<p><strong>Investigador principal<\/strong><span style=\"font-weight: 400\"><strong>:<\/strong> Elmer De La Pava<\/span><\/p>\n<p><strong>Resumen<\/strong><span style=\"font-weight: 400\"><strong>:<\/strong> En este proyecto, se analizaron tendencias y comportamientos de la din\u00e1mica del dengue, mediante un enfoque interdisciplinar: an\u00e1lisis cualitativo para sistemas de ecuaciones diferenciales ordinarias, teor\u00eda de control \u00f3ptimo, teor\u00eda de viabilidad, teor\u00eda de redes complejas y Geoestad\u00edstica. Lo anterior, permiti\u00f3 proponer medidas de vigilancia y control del dengue, orientadas a disminuir las poblaciones del mosquito Aedes aegypti, el n\u00famero de personas infectadas con el virus del dengue y costos asociados a la enfermedad y su control.<\/span>[\/vc_column_text][\/vc_tta_section][vc_tta_section title=\u00bbModelos de optimizaci\u00f3n y viabilidad en ecolog\u00eda y econom\u00eda &#8211; ECOPTIM\u00bb tab_id=\u00bb1491403775218-00d620f8-3a4b\u00bb][vc_column_text]<strong>Fuente de financiaci\u00f3n<\/strong><span style=\"font-weight: 400\"><strong>:<\/strong> Convocatoria PEERS-IRD 2012 (Francia)<\/span><\/p>\n<p><strong>Per\u00edodo de ejecuci\u00f3n<\/strong><span style=\"font-weight: 400\"><strong>:<\/strong> 2013-2015<\/span><\/p>\n<p><strong>Investigadores principales<\/strong><span style=\"font-weight: 400\"><strong>:<\/strong> Michel De Lara (Francia), Olga Vasilieva (Colombia)<\/span><\/p>\n<p><strong>Resumen<\/strong><span style=\"font-weight: 400\"><strong>:<\/strong> El t\u00edtulo original del proyecto \u00a0es <\/span><i><span style=\"font-weight: 400\">\u00abMod\u00e8les d\u2019optimisation et de viabilit\u00e9 en \u00e9cologie et en \u00e9conomie \u2013 ECOPTIM\u00bb<\/span><\/i><span style=\"font-weight: 400\">. Este proyecto fue aprobado dentro de la Convocatoria PEERS (<\/span><i><span style=\"font-weight: 400\">Programme d&#8217;excellence pour l&#8217;enseignement et la recherche au Sud<\/span><\/i><span style=\"font-weight: 400\">) de IRD (<\/span><i><span style=\"font-weight: 400\">Institut de recherche pour le d\u00e9veloppement, Francia<\/span><\/i><span style=\"font-weight: 400\">) y forma parte de actividades previstas en el marco del Convenio REALMA (<\/span><i><span style=\"font-weight: 400\">R\u00e9seau Europe Am\u00e9rique Latine en Math\u00e9matiques Appliqu\u00e9es<\/span><\/i><span style=\"font-weight: 400\">, vigencia 2007-2017). El proyecto ECOPTIM consiste en desarrollar habilidades del modelamiento matem\u00e1tico para la gesti\u00f3n cuantitativa en el manejo de recursos naturales, la conservaci\u00f3n de biodiversidad, desarrollo de energ\u00edas renovables y en la prevenci\u00f3n de los desastres naturales (mitigaci\u00f3n y adaptaci\u00f3n al cambio clim\u00e1tico, control de enfermedades infecciosas, etc.).<\/span>[\/vc_column_text][\/vc_tta_section][vc_tta_section title=\u00bbModelamiento matem\u00e1tico de la din\u00e1mica del dengue en Cali\u00bb tab_id=\u00bb1491403790500-5751061e-caff\u00bb][vc_column_text]<strong>Fuente de financiaci\u00f3n<\/strong><span style=\"font-weight: 400\"><strong>:<\/strong> Universidad del Valle -Convocatoria interna 2012<\/span><\/p>\n<p><strong>Periodo de ejecuci\u00f3n<\/strong><span style=\"font-weight: 400\"><strong>:<\/strong> 2012-2013<\/span><\/p>\n<p><strong>Investigador principal<\/strong><span style=\"font-weight: 400\"><strong>:<\/strong> H\u00e9ctor Jairo Mart\u00ednez<\/span><\/p>\n<p><strong>Resumen<\/strong><span style=\"font-weight: 400\"><strong>:<\/strong> Con este proyecto, pretendemos aportar un mejor conocimiento de la din\u00e1mica del dengue, vali\u00e9ndonos de la modelaci\u00f3n matem\u00e1tica para analizar la forma de propagaci\u00f3n de esta enfermedad y sus posibles tendencias a mediano y largo plazo y as\u00ed contribuir al dise\u00f1o de controles para disminuir su incidencia en Cali, manteniendo el n\u00famero de casos de dengue en los niveles deseados por la Secretar\u00eda Municipal de Salud.<\/span>[\/vc_column_text][\/vc_tta_section][vc_tta_section title=\u00bbModelos y m\u00e9todos matem\u00e1ticos para la conservaci\u00f3n de la biodiversidad\u00bb tab_id=\u00bb1491403791694-32ec4ba2-5a76&#8243;][vc_column_text]<strong>Fuente de financiaci\u00f3n<\/strong><span style=\"font-weight: 400\"><strong>:<\/strong> Universidad del Valle-Convocatoria Interna 2009<\/span><\/p>\n<p><strong>Periodo de ejecuci\u00f3n<\/strong><span style=\"font-weight: 400\"><strong>:<\/strong> 2010-2012<\/span><\/p>\n<p><strong>Investigador principal<\/strong><span style=\"font-weight: 400\"><strong>:<\/strong> Olga Vasilieva<\/span><\/p>\n<p><strong>Resumen<\/strong><span style=\"font-weight: 400\"><strong>:<\/strong> El objetivo principal de este proyecto consiste en mostrar, mediante el an\u00e1lisis de un nuevo modelo bio-econ\u00f3mico, c\u00f3mo el desarrollo econ\u00f3mico puede afectar la evoluci\u00f3n natural de un sistema ecol\u00f3gico. Nuestro estudio formal se llevar\u00e1 a cabo usando un modelo din\u00e1mico, en el cual la p\u00e9rdida de biodiversidad se atribuye a los efectos secundarios negativos de la producci\u00f3n agregada (directos e indirectos) y se mostrar\u00e1 que la acci\u00f3n humana s\u00ed puede alterar la estabilidad de los puntos fijos ecol\u00f3gicos del ecosistema original.<\/span>[\/vc_column_text][\/vc_tta_section][vc_tta_section title=\u00bbDependencia estructural de los mercados burs\u00e1tiles colombiano, peruano y chileno antes de la fusi\u00f3n de las tres bolsas.\u00bb tab_id=\u00bb1491403792542-8fcd350e-f3b5&#8243;][vc_column_text]<strong>Fuentes de financiaci\u00f3n<\/strong><span style=\"font-weight: 400\"><strong>:<\/strong> Universidad Aut\u00f3noma de Occidente-Convocatoria Interna<\/span><\/p>\n<p><strong>Periodo de ejecuci\u00f3n<\/strong><span style=\"font-weight: 400\"><strong>:<\/strong> 2012-2013<\/span><\/p>\n<p><strong>Investigador principal<\/strong><span style=\"font-weight: 400\"><strong>:<\/strong> Daiver Cardona<\/span><\/p>\n<p><strong>Resumen<\/strong><span style=\"font-weight: 400\"><strong>:<\/strong> El prop\u00f3sito de \u00e9ste proyecto es cuantificar la dependencia estructural y la exposici\u00f3n al contagio financiero entre los mercados de capitales que conforman el MILA (Colombia, Per\u00fa, Chile y M\u00e9xico) y con el mercado global de capitales.<\/span>[\/vc_column_text][\/vc_tta_section][vc_tta_section title=\u00bbLa fuerza de infecci\u00f3n en la epidemia del dengue\u00bb tab_id=\u00bb1491403793254-6b8d3f61-2914&#8243;][vc_column_text]<strong>Fuentes de financiaci\u00f3n<\/strong><span style=\"font-weight: 400\"><strong>:<\/strong> Universidad Aut\u00f3noma de Occidente-Convocatoria Interna<\/span><\/p>\n<p><strong>Periodo de ejecuci\u00f3n<\/strong><span style=\"font-weight: 400\"><strong>:<\/strong> 2011-2012<\/span><\/p>\n<p><strong>Investigador principal<\/strong><span style=\"font-weight: 400\"><strong>:<\/strong> Elmer De La Pava<\/span><\/p>\n<p><strong>Resumen<\/strong><span style=\"font-weight: 400\"><strong>:<\/strong> El objetivo de este proyecto fue estimar la fuerza de infecci\u00f3n del dengue en una regi\u00f3n determinada. Usando los casos reportados por el sistema de vigilancia epidemiol\u00f3gica entre el 2001 y 2010, se estim\u00f3 la fuerza de infecci\u00f3n por grupo de edad es una medida que indica la tasa a la cual los susceptibles en ese grupo etario adquieren la infecci\u00f3n a partir del contacto con individuos infectados en todas las dem\u00e1s clases etarias.<\/span>[\/vc_column_text][\/vc_tta_section][vc_tta_section title=\u00bbLa influenza AH1N1 en Colombia: un modelo matem\u00e1tico.\u00bb tab_id=\u00bb1491403794003-861aaf55-329e\u00bb][vc_column_text]<strong>Fuentes de financiaci\u00f3n<\/strong><span style=\"font-weight: 400\"><strong>:<\/strong> Universidad Aut\u00f3noma de Occidente-Convocatoria Interna<\/span><\/p>\n<p><strong>Periodo de ejecuci\u00f3n<\/strong><span style=\"font-weight: 400\"><strong>:<\/strong> 2010-2011<\/span><\/p>\n<p><strong>Investigador principal<\/strong><span style=\"font-weight: 400\"><strong>:<\/strong> Elmer De La Pava<\/span><\/p>\n<p><strong>Resumen<\/strong><span style=\"font-weight: 400\"><strong>:<\/strong> Utilizando un modelo matem\u00e1tico tipo compartimental, que incorpora la transmisi\u00f3n de la enfermedad en una poblaci\u00f3n local y una inmigrante, se analiz\u00f3 el impacto de la migraci\u00f3n de personas inmigrantes infectadas con el virus de la influenza AH1N1, en el brote epid\u00e9mico en una poblaci\u00f3n local.<\/span>[\/vc_column_text][\/vc_tta_section][vc_tta_section title=\u00bbModelaci\u00f3n Matem\u00e1tica de la Din\u00e1mica de Transmisi\u00f3n del VIH-SIDA en la ciudad de Cali.\u00bb tab_id=\u00bb1491403794981-92d41f4f-29d8&#8243;][vc_column_text]<strong>Fuentes de financiaci\u00f3n<\/strong><span style=\"font-weight: 400\"><strong>:<\/strong> Universidad Aut\u00f3noma de Occidente-Convocatoria Interna<\/span><\/p>\n<p><strong>Periodo de ejecuci\u00f3n<\/strong><span style=\"font-weight: 400\"><strong>:<\/strong> 2008-2010<\/span><\/p>\n<p><strong>Investigador principal<\/strong><span style=\"font-weight: 400\"><strong>:<\/strong> Lilian Sofia Sepulveda<\/span><\/p>\n<p><strong>Resumen<\/strong><span style=\"font-weight: 400\"><strong>:<\/strong> Se realiz\u00f3 el an\u00e1lisis cualitativo de un modelo compartimental SIR para la din\u00e1mica de transmisi\u00f3n del VIH-SIDA. Se determin\u00f3 el n\u00famero reproductivo b\u00e1sico y los puntos de equilibrio del sistema. Con datos suministrados por el DANE y la Secretaria Municipal de Salud de Cali, se estimaron par\u00e1metros del modelo y se realizaron simulaciones num\u00e9ricas que mostraron el efecto de reducir la probabilidad de contagio entre susceptibles e infectados.<\/span>[\/vc_column_text][\/vc_tta_section][\/vc_tta_accordion][\/vc_column][\/vc_row]<\/p>\n<\/div>","protected":false},"excerpt":{"rendered":"<p>[vc_row][vc_column][vc_tta_accordion active_section=\u00bb\u00bb collapsible_all=\u00bbtrue\u00bb][vc_tta_section title=\u00bbRed de modelamiento y control de enfermedades transmisibles e infecciosas\u00bb tab_id=\u00bb1594739891070-1e0ffa19-1016&#8243;][vc_column_text]Fuentes de financiaci\u00f3n:\u00a0CONICYT-REDES170059 Periodo de ejecuci\u00f3n:\u00a02018-2019 Investigadores principales:\u00a0Pedro Gajardo (Coordinador Chile) Resumen: El objetivo principal es consolidar un equipo de trabajo productivo y crear una cooperaci\u00f3n cient\u00edfica duradera entre los miembros del proyecto en Chile (centros AM2V y CMM) y Colombia (centro MoBiMat) generando y fomentando fuertes<\/p>\n","protected":false},"author":9,"featured_media":0,"parent":0,"menu_order":0,"comment_status":"closed","ping_status":"closed","template":"","meta":{"footnotes":""},"class_list":["post-411","page","type-page","status-publish","hentry"],"acf":[],"_links":{"self":[{"href":"https:\/\/sitios.uao.edu.co\/mobimat\/wp-json\/wp\/v2\/pages\/411","targetHints":{"allow":["GET"]}}],"collection":[{"href":"https:\/\/sitios.uao.edu.co\/mobimat\/wp-json\/wp\/v2\/pages"}],"about":[{"href":"https:\/\/sitios.uao.edu.co\/mobimat\/wp-json\/wp\/v2\/types\/page"}],"author":[{"embeddable":true,"href":"https:\/\/sitios.uao.edu.co\/mobimat\/wp-json\/wp\/v2\/users\/9"}],"replies":[{"embeddable":true,"href":"https:\/\/sitios.uao.edu.co\/mobimat\/wp-json\/wp\/v2\/comments?post=411"}],"version-history":[{"count":5,"href":"https:\/\/sitios.uao.edu.co\/mobimat\/wp-json\/wp\/v2\/pages\/411\/revisions"}],"predecessor-version":[{"id":1092,"href":"https:\/\/sitios.uao.edu.co\/mobimat\/wp-json\/wp\/v2\/pages\/411\/revisions\/1092"}],"wp:attachment":[{"href":"https:\/\/sitios.uao.edu.co\/mobimat\/wp-json\/wp\/v2\/media?parent=411"}],"curies":[{"name":"wp","href":"https:\/\/api.w.org\/{rel}","templated":true}]}}