{"id":38,"date":"2017-01-23T10:13:19","date_gmt":"2017-01-23T15:13:19","guid":{"rendered":"https:\/\/sitios.uao.edu.co\/mobimat\/?page_id=38\/"},"modified":"2024-04-01T11:02:25","modified_gmt":"2024-04-01T16:02:25","slug":"eventos-organizados","status":"publish","type":"page","link":"https:\/\/sitios.uao.edu.co\/mobimat\/proyecto-aedes-aegypti\/eventos-organizados\/","title":{"rendered":"Eventos realizados"},"content":{"rendered":"<div class=\"wpb-content-wrapper\"><p>[vc_row][vc_column][vc_tta_accordion][vc_tta_section title=\u00bbSecci\u00f3n\u00bb tab_id=\u00bb1583185192561-69e35d76-4928&#8243;][\/vc_tta_section][vc_tta_section tab_id=\u00bb1533336127695-84df994d-ac70&#8243; title=\u00bbWorkshop MOVECO 2020&#8243;][vc_column_text]<b>Lugar:<\/b> Centro de Modelamiento Matematico, Universidad de Chile<\/p>\n<p><b>Fecha:<\/b> enero 13 \u2013 enero 14 de 2020<\/p>\n<p><strong>Mas informaci\u00f3n:\u00a0<\/strong>Se presentaron los resultados asociados a los trabajos de cooperaci\u00f3n acad\u00e9mica internacional.<\/p>\n<p>Su prop\u00f3sito principal es combinar la experiencia y las habilidades de los diferentes miembros de nuestro equipo multidisciplinario para proponer modelos matem\u00e1ticos y desarrollar nuevos m\u00e9todos basados en enfoques de optimizaci\u00f3n y viabilidad, para el control de enfermedades contagiosas e infecciosas.<\/p>\n<p>Mas informaci\u00f3n en la <a href=\"http:\/\/eventos.cmm.uchile.cl\/moveco2020\/\">pagina web del evento<\/a>.[\/vc_column_text][\/vc_tta_section][vc_tta_section title=\u00bbTaller: Modeling, Optimization and Viability for Epidemics Control\u00bb tab_id=\u00bb1533336153362-c2947103-c831&#8243;][vc_column_text]<b>Lugar:<\/b>\u00a0Universidad Aut\u00f3noma de Occidente, Cali-Colombia<\/p>\n<p><b>Fecha:<\/b>\u00a0mayo 9 \u2013 mayo 11 de 2018<\/p>\n<p><strong>M\u00e1s informaci\u00f3n: <\/strong>Se revisaron primeros avances y elaboro cronograma de ejecuci\u00f3n de 2 proyectos de cooperaci\u00f3n acad\u00e9mica internacional:<\/p>\n<ul>\n<li>Proyecto\u00a0<strong>\u201cMOVECO: Modeling, Optimization and Viability for Epidemics Control\u201d\u00a0<\/strong>(18MATH05, vigencia 2018-2019), aprobado por el\u00a0<a href=\"http:\/\/www.sticmathamsud.org\/\">Programa de Cooperaci\u00f3n Regional entre Francia y Latinoam\u00e9rica STIC\/MATH AmSud.}<\/a><\/li>\n<li>Proyecto \u201cAM2V \u2013 MoBiMat Network on Modeling and Control of comunicable and infectious diseases\u201d (REDES170059, vigencia 2018-2019), aprobado por el Programa\u00a0<a href=\"http:\/\/www.conicyt.cl\/pci\/category\/lineas-del-programa\/redes-internacionales\/\"><em>\u201cRedes internacionales\u201d<\/em>\u00a0de CONICYT-Chile.<\/a><\/li>\n<\/ul>\n<p>[\/vc_column_text][\/vc_tta_section][vc_tta_section title=\u00bbIII International Conference on Applied Mathematics and Infromatics \u2013 ICAMI 2017&#8243; tab_id=\u00bb1533332761682-fa3b5cfb-dc63&#8243;][vc_column_text]<b>Lugar:<\/b>\u00a0San Andr\u00e9s, Colombia<\/p>\n<p><b>Fecha:\u00a0<\/b>noviembre 26 \u2013 diciembre 1 de 2017[\/vc_column_text][\/vc_tta_section][vc_tta_section title=\u00bbTercer Seminario Taller en Matem\u00e1tica Aplicada\u00bb tab_id=\u00bb1533333137348-a595bc00-6d57&#8243;][vc_column_text]<b>Lugar:<\/b> <span style=\"font-weight: 400\"> Universidad Aut\u00f3noma de Occidente, Cali-Colombia<\/span><\/p>\n<p><b>Fecha:<\/b> <span style=\"font-weight: 400\">enero 11 \u2013 enero 13 de 2017<\/span>[\/vc_column_text][\/vc_tta_section][vc_tta_section title=\u00bbCiclo de Conferencias en Epidemiolog\u00eda y Redes Complejas\u00bb tab_id=\u00bb1533334284985-af6fedb8-5561&#8243;][vc_column_text]<b>Lugar:<\/b> <span style=\"font-weight: 400\"> Universidad del Valle, Cali-Colombia<\/span><\/p>\n<p><b>Fecha:<\/b> <span style=\"font-weight: 400\">abril 5 \u2013 abril 8 de 2016<\/span>[\/vc_column_text][\/vc_tta_section][vc_tta_section title=\u00bbThe International &amp; Interdisciplinary Workshop on Mathematical Modeling, Ecology, Evolution and Dynamics of Dengue and Related Diseases \u2013 IIWEE 2015&#8243; tab_id=\u00bb1533334429316-510349e5-fabe\u00bb][vc_column_text]<b>Lugar:<\/b> <span style=\"font-weight: 400\"> Villa de Leyva, Colombia<\/span><\/p>\n<p><b>Fecha:<\/b><span style=\"font-weight: 400\"> agosto 31 \u2013 septiembre 4 de 2015<\/span><\/p>\n<p><strong>Mas\u00a0<\/strong><span style=\"font-size: 15.2015px\"><b>informaci\u00f3n<\/b><\/span>:\u00a0<a href=\"http:\/\/matematicas.uniandes.edu.co\/eventos\/2015\/WD\/\"><span style=\"font-weight: 400\">\u00a0IIWEE 2015<\/span><\/a><\/p>\n<p><span style=\"font-weight: 400\">Organizaci\u00f3n conjunta con el Grupo de Investigaci\u00f3n Biolog\u00eda Matem\u00e1tica y Computacional, Universidad de los Andes.<\/span><\/p>\n<p>[\/vc_column_text][\/vc_tta_section][vc_tta_section title=\u00bbII International Conference on Applied Mathematics and Informatics \u2013ICAMI 2013&#8243; tab_id=\u00bb1533334601246-4be67d46-b4fb\u00bb][vc_column_text]<strong>Lugar:<\/strong> San Andr\u00e9s, Colombia<\/p>\n<p><strong>Fecha:<\/strong> noviembre 24 \u2013 noviembre 29 \u00a0de 2013[\/vc_column_text][\/vc_tta_section][\/vc_tta_accordion][\/vc_column][\/vc_row]<\/p>\n<\/div>","protected":false},"excerpt":{"rendered":"<p>[vc_row][vc_column][vc_tta_accordion][vc_tta_section title=\u00bbSecci\u00f3n\u00bb tab_id=\u00bb1583185192561-69e35d76-4928&#8243;][\/vc_tta_section][vc_tta_section tab_id=\u00bb1533336127695-84df994d-ac70&#8243; title=\u00bbWorkshop MOVECO 2020&#8243;][vc_column_text]Lugar: Centro de Modelamiento Matematico, Universidad de Chile Fecha: enero 13 \u2013 enero 14 de 2020 Mas informaci\u00f3n:\u00a0Se presentaron los resultados asociados a los trabajos de cooperaci\u00f3n acad\u00e9mica internacional. Su prop\u00f3sito principal es combinar la experiencia y las habilidades de los diferentes miembros de nuestro equipo multidisciplinario para proponer modelos matem\u00e1ticos y desarrollar nuevos<\/p>\n","protected":false},"author":9,"featured_media":0,"parent":24,"menu_order":0,"comment_status":"closed","ping_status":"closed","template":"","meta":{"footnotes":""},"class_list":["post-38","page","type-page","status-publish","hentry"],"acf":[],"_links":{"self":[{"href":"https:\/\/sitios.uao.edu.co\/mobimat\/wp-json\/wp\/v2\/pages\/38","targetHints":{"allow":["GET"]}}],"collection":[{"href":"https:\/\/sitios.uao.edu.co\/mobimat\/wp-json\/wp\/v2\/pages"}],"about":[{"href":"https:\/\/sitios.uao.edu.co\/mobimat\/wp-json\/wp\/v2\/types\/page"}],"author":[{"embeddable":true,"href":"https:\/\/sitios.uao.edu.co\/mobimat\/wp-json\/wp\/v2\/users\/9"}],"replies":[{"embeddable":true,"href":"https:\/\/sitios.uao.edu.co\/mobimat\/wp-json\/wp\/v2\/comments?post=38"}],"version-history":[{"count":5,"href":"https:\/\/sitios.uao.edu.co\/mobimat\/wp-json\/wp\/v2\/pages\/38\/revisions"}],"predecessor-version":[{"id":1218,"href":"https:\/\/sitios.uao.edu.co\/mobimat\/wp-json\/wp\/v2\/pages\/38\/revisions\/1218"}],"up":[{"embeddable":true,"href":"https:\/\/sitios.uao.edu.co\/mobimat\/wp-json\/wp\/v2\/pages\/24"}],"wp:attachment":[{"href":"https:\/\/sitios.uao.edu.co\/mobimat\/wp-json\/wp\/v2\/media?parent=38"}],"curies":[{"name":"wp","href":"https:\/\/api.w.org\/{rel}","templated":true}]}}