{"id":36,"date":"2017-01-23T10:12:43","date_gmt":"2017-01-23T15:12:43","guid":{"rendered":"https:\/\/sitios.uao.edu.co\/mobimat\/?page_id=36\/"},"modified":"2022-03-16T15:01:38","modified_gmt":"2022-03-16T20:01:38","slug":"colaboraciones-y-contactos","status":"publish","type":"page","link":"https:\/\/sitios.uao.edu.co\/mobimat\/proyecto-aedes-aegypti\/colaboraciones-y-contactos\/","title":{"rendered":"Colaboradores"},"content":{"rendered":"<p><b>MoBiMat cuenta con los siguientes asesores internacionales<\/b><b><\/b><\/p>\n<ul>\n<li><strong><a href=\"http:\/\/www.cmm.uchile.cl\/?cmm_people=pablo-aguirre\">Pablo Aguirre<\/a><\/strong><\/li>\n<li><b><a href=\"https:\/\/who.rocq.inria.fr\/Pierre-Alexandre.Bliman\/\" target=\"_blank\" rel=\"noopener noreferrer\">Pierre-Alexandre Bliman<\/a><\/b><\/li>\n<li><b><a href=\"https:\/\/sustainability.asu.edu\/person\/carlos-castillo-chavez\/\" target=\"_blank\" rel=\"noopener noreferrer\">Carlos Castillo &#8211; Ch\u00e1vez<\/a><\/b><\/li>\n<li><b><a href=\"http:\/\/cermics.enpc.fr\/~delara\/\" target=\"_blank\" rel=\"noopener noreferrer\">Michel De Lara<\/a><\/b><\/li>\n<li><strong><a href=\"https:\/\/orcid.org\/0000-0003-4817-685X\">Yves Dumont<\/a><\/strong><\/li>\n<li><b><a href=\"https:\/\/scholar.google.com\/citations?user=R7w29IIAAAAJ&amp;hl=en\" target=\"_blank\" rel=\"noopener noreferrer\">Andr\u00e9s Fraguela Collar<\/a><\/b><\/li>\n<li><b><a href=\"http:\/\/pgajardo.mat.utfsm.cl\/\" target=\"_blank\" rel=\"noopener noreferrer\">Pedro Gajardo<\/a><\/b><\/li>\n<li><b><a href=\"http:\/\/complex.unizar.es\/~jesus\/\" target=\"_blank\" rel=\"noopener noreferrer\">Jes\u00fas G\u00f3mez Garde\u00f1es<\/a><\/b><\/li>\n<li><b><a href=\"http:\/\/www.pubfacts.com\/author\/Sunmi+Lee\" target=\"_blank\" rel=\"noopener noreferrer\">Sunmi Lee<\/a><\/b><\/li>\n<li><strong><a href=\"http:\/\/www.cmm.uchile.cl\/?cmm_people=hector-ramirez\">H\u00e9ctor Ram\u00edrez<\/a><\/strong><\/li>\n<li><b><a href=\"http:\/\/www.uni-muenster.de\/Evolution\/genevol\/people\/telschow.html\" target=\"_blank\" rel=\"noopener noreferrer\">Arndt Telschow<\/a><\/b><\/li>\n<li><b><a href=\"https:\/\/scholar.google.com\/citations?user=-SNJzjgAAAAJ&amp;hl=en\" target=\"_blank\" rel=\"noopener noreferrer\">Mikhail Svinin<\/a><\/b><\/li>\n<\/ul>\n","protected":false},"excerpt":{"rendered":"<p>MoBiMat cuenta con los siguientes asesores internacionales Pablo Aguirre Pierre-Alexandre Bliman Carlos Castillo &#8211; Ch\u00e1vez Michel De Lara Yves Dumont Andr\u00e9s Fraguela Collar Pedro Gajardo Jes\u00fas G\u00f3mez Garde\u00f1es Sunmi Lee H\u00e9ctor Ram\u00edrez Arndt Telschow Mikhail Svinin<\/p>\n","protected":false},"author":1,"featured_media":0,"parent":24,"menu_order":0,"comment_status":"closed","ping_status":"closed","template":"","meta":{"footnotes":""},"class_list":["post-36","page","type-page","status-publish","hentry"],"acf":[],"_links":{"self":[{"href":"https:\/\/sitios.uao.edu.co\/mobimat\/wp-json\/wp\/v2\/pages\/36","targetHints":{"allow":["GET"]}}],"collection":[{"href":"https:\/\/sitios.uao.edu.co\/mobimat\/wp-json\/wp\/v2\/pages"}],"about":[{"href":"https:\/\/sitios.uao.edu.co\/mobimat\/wp-json\/wp\/v2\/types\/page"}],"author":[{"embeddable":true,"href":"https:\/\/sitios.uao.edu.co\/mobimat\/wp-json\/wp\/v2\/users\/1"}],"replies":[{"embeddable":true,"href":"https:\/\/sitios.uao.edu.co\/mobimat\/wp-json\/wp\/v2\/comments?post=36"}],"version-history":[{"count":2,"href":"https:\/\/sitios.uao.edu.co\/mobimat\/wp-json\/wp\/v2\/pages\/36\/revisions"}],"predecessor-version":[{"id":843,"href":"https:\/\/sitios.uao.edu.co\/mobimat\/wp-json\/wp\/v2\/pages\/36\/revisions\/843"}],"up":[{"embeddable":true,"href":"https:\/\/sitios.uao.edu.co\/mobimat\/wp-json\/wp\/v2\/pages\/24"}],"wp:attachment":[{"href":"https:\/\/sitios.uao.edu.co\/mobimat\/wp-json\/wp\/v2\/media?parent=36"}],"curies":[{"name":"wp","href":"https:\/\/api.w.org\/{rel}","templated":true}]}}