{"id":359,"date":"2017-03-27T12:03:08","date_gmt":"2017-03-27T16:03:08","guid":{"rendered":"https:\/\/sitios.uao.edu.co\/mobimat\/?page_id=359"},"modified":"2023-12-19T14:36:10","modified_gmt":"2023-12-19T19:36:10","slug":"actuales","status":"publish","type":"page","link":"https:\/\/sitios.uao.edu.co\/mobimat\/actuales\/","title":{"rendered":"Actuales"},"content":{"rendered":"<div class=\"wpb-content-wrapper\"><p>[vc_row][vc_column][\/vc_column][\/vc_row][vc_row][vc_column][vc_tta_accordion style=\u00bbmodern\u00bb active_section=\u00bb1&#8243;][vc_tta_section title=\u00bbPROGRAMA DE INVESTIGACI\u00d3N: MODELOS Y M\u00c9TODOS MATEM\u00c1TICOS PARA CONTROL DE PLAGAS Y ENFERMEDADES INFECCIOSAS\u00bb tab_id=\u00bb1620670141405-ff6b37f7-129b\u00bb][vc_column_text]<span style=\"font-weight: 400\">Este programa consiste en proponer y analizar modelos matem\u00e1ticos, que fundamenten el dise\u00f1o de programas para el control integral de vectores, que incluyen el control biol\u00f3gico del mosquito Aedes aegypti y la Diaphorina Citri; y de modelos que permitan la estimaci\u00f3n indirecta de los \u00edndices de infecci\u00f3n de TB en Cali, y que sirvan de base para el an\u00e1lisis y evaluaci\u00f3n de estrategias para combatir las causas de persistencia de esta enfermedad.<br \/>\n<\/span><\/p>\n<p><span style=\"font-weight: 400\">Mediante t\u00e9cnicas matem\u00e1ticas como el modelamiento din\u00e1mico de poblaciones, la teor\u00eda de control y el uso de t\u00e9cnicas de redes complejas, en este programa proponemos encontrar, analizar y cuantificar desde el punto de vista de costo-beneficio diferentes estrategias disponibles para el control, tanto de la poblaci\u00f3n de vectores como de las enfermedades mencionadas.<\/span><\/p>\n<p><span style=\"font-weight: 400\">A este programa est\u00e1n adscritos los siguientes proyectos:<\/span><\/p>\n<ul>\n<li><span style=\"font-weight: 400\">Modelos y m\u00e9todos matem\u00e1ticos para el control de <\/span><i><span style=\"font-weight: 400\">Aedes aegypti.<\/span><\/i><\/li>\n<li><span style=\"font-weight: 400\">Modelos y m\u00e9todos matem\u00e1ticos para el control de <\/span><em><span style=\"font-weight: 400\">Diaphorina citri.<\/span><\/em><\/li>\n<li><span style=\"font-weight: 400\">M\u00e9todos matem\u00e1ticos para seguimiento, an\u00e1lisis y control de la tuberculosis en Cali.<\/span><\/li>\n<li><span style=\"font-weight: 400\">Evaluaci\u00f3n de los efectos de la contaminaci\u00f3n por pl\u00e1sticos y micropl\u00e1sticos sobre los servicios ecosist\u00e9micos del manglar.<\/span><\/li>\n<li><span style=\"font-weight: 400\">Biocontrol de mosquitos Aedes basado en Wolbachia como t\u00e9cnica alternativa al uso de sustancias qu\u00edmicas.<\/span><i><\/i><\/li>\n<\/ul>\n<p>[\/vc_column_text][\/vc_tta_section][\/vc_tta_accordion][\/vc_column][\/vc_row]<\/p>\n<\/div>","protected":false},"excerpt":{"rendered":"<p>[vc_row][vc_column][\/vc_column][\/vc_row][vc_row][vc_column][vc_tta_accordion style=\u00bbmodern\u00bb active_section=\u00bb1&#8243;][vc_tta_section title=\u00bbPROGRAMA DE INVESTIGACI\u00d3N: MODELOS Y M\u00c9TODOS MATEM\u00c1TICOS PARA CONTROL DE PLAGAS Y ENFERMEDADES INFECCIOSAS\u00bb tab_id=\u00bb1620670141405-ff6b37f7-129b\u00bb][vc_column_text]Este programa consiste en proponer y analizar modelos matem\u00e1ticos, que fundamenten el dise\u00f1o de programas para el control integral de vectores, que incluyen el control biol\u00f3gico del mosquito Aedes aegypti y la Diaphorina Citri; y de modelos que permitan la estimaci\u00f3n indirecta de<\/p>\n","protected":false},"author":9,"featured_media":0,"parent":0,"menu_order":0,"comment_status":"closed","ping_status":"closed","template":"","meta":{"footnotes":""},"class_list":["post-359","page","type-page","status-publish","hentry"],"acf":[],"_links":{"self":[{"href":"https:\/\/sitios.uao.edu.co\/mobimat\/wp-json\/wp\/v2\/pages\/359","targetHints":{"allow":["GET"]}}],"collection":[{"href":"https:\/\/sitios.uao.edu.co\/mobimat\/wp-json\/wp\/v2\/pages"}],"about":[{"href":"https:\/\/sitios.uao.edu.co\/mobimat\/wp-json\/wp\/v2\/types\/page"}],"author":[{"embeddable":true,"href":"https:\/\/sitios.uao.edu.co\/mobimat\/wp-json\/wp\/v2\/users\/9"}],"replies":[{"embeddable":true,"href":"https:\/\/sitios.uao.edu.co\/mobimat\/wp-json\/wp\/v2\/comments?post=359"}],"version-history":[{"count":6,"href":"https:\/\/sitios.uao.edu.co\/mobimat\/wp-json\/wp\/v2\/pages\/359\/revisions"}],"predecessor-version":[{"id":1178,"href":"https:\/\/sitios.uao.edu.co\/mobimat\/wp-json\/wp\/v2\/pages\/359\/revisions\/1178"}],"wp:attachment":[{"href":"https:\/\/sitios.uao.edu.co\/mobimat\/wp-json\/wp\/v2\/media?parent=359"}],"curies":[{"name":"wp","href":"https:\/\/api.w.org\/{rel}","templated":true}]}}