{"id":277,"date":"2017-02-02T11:03:30","date_gmt":"2017-02-02T16:03:30","guid":{"rendered":"https:\/\/sitios.uao.edu.co\/mobimat\/?page_id=277"},"modified":"2024-04-01T10:18:13","modified_gmt":"2024-04-01T15:18:13","slug":"mobimat-quienes-somos","status":"publish","type":"page","link":"https:\/\/sitios.uao.edu.co\/mobimat\/","title":{"rendered":"Mobimat &#8211; \u00bfQuienes Somos?"},"content":{"rendered":"\n<figure class=\"wp-block-embed-youtube wp-block-embed is-type-video is-provider-youtube wp-embed-aspect-16-9 wp-has-aspect-ratio\"><div class=\"wp-block-embed__wrapper\">\n<iframe title=\"Conoce MoBiMat\" width=\"860\" height=\"484\" src=\"https:\/\/www.youtube.com\/embed\/hMIWEVgZTCA?feature=oembed\" frameborder=\"0\" allow=\"accelerometer; autoplay; clipboard-write; encrypted-media; gyroscope; picture-in-picture; web-share\" referrerpolicy=\"strict-origin-when-cross-origin\" allowfullscreen><\/iframe>\n<\/div><\/figure>\n\n\n<p>MoBiMat es un centro de investigaci\u00f3n conformado por diferentes grupos de investigaci\u00f3n:<\/p>\n<ul>\n<li style=\"font-weight: 400\"><a href=\"http:\/\/matematicas.univalle.edu.co\/?s=secciones\/web\/3.%20Investigaci%C3%B3n\/Areas%20de%20Investigaci%C3%B3n\/2.%20An%C3%A1lisis%20num%C3%A9rico%20y%20problemas%20inversos\"><span style=\"font-weight: 400\">ANOPI (An\u00e1lisis Num\u00e9rico, Optimizaci\u00f3n y Problemas Inversos)<\/span><\/a><\/li>\n<li style=\"font-weight: 400\"><span style=\"font-weight: 400\"><a href=\"http:\/\/www.uao.edu.co\/investigacion\/grupo-de-investigacion-en-modelacion-y-simulacion-gims\">GIMS (Grupo de Investigaci\u00f3n en Modelaci\u00f3n y Simulaci\u00f3n)<\/a><\/span><\/li>\n<li style=\"font-weight: 400\"><a href=\"http:\/\/www.cali.gov.co\/salud\/publicaciones\/3450\/vigilancia_epidemiolgica_en_salud_pbli%20ca\/\">Programa de Vigilancia Epidemiol\u00f3gica del dengue en Cali<\/a><\/li>\n<\/ul>\n<p><span style=\"font-weight: 400\">Las l\u00edneas de trabajo de MoBiMat son:<\/span><\/p>\n<ul>\n<li style=\"font-weight: 400\"><span style=\"font-weight: 400\">Desarrollo y an\u00e1lisis de modelos matem\u00e1ticos que describen:<\/span><span style=\"font-weight: 400\">\u00a0 \u00a0 \u00a0 \u00a0 \u00a0 \u00a0 \u00a0 \u00a0<\/span>\n<ul>\n<li style=\"font-weight: 400\"><span style=\"font-weight: 400\"> La din\u00e1mica poblacional de especies biol\u00f3gicas<\/span>\u00a0<\/li>\n<li style=\"font-weight: 400\">Interacci\u00f3n entre especies biol\u00f3gicas y cadenas alimenticias<\/li>\n<li style=\"font-weight: 400\">Interacci\u00f3n con el entorno a trav\u00e9s de actividades humanas y especies invasoras<\/li>\n<li style=\"font-weight: 400\">Transmisi\u00f3n de enfermedades infecciosas y plagas.<\/li>\n<\/ul>\n<\/li>\n<\/ul>\n<ul>\n<li style=\"font-weight: 400\"><span style=\"font-weight: 400\">Aplicaci\u00f3n de la teor\u00eda de control para la toma de decisiones que buscan mejorar y optimizar el comportamiento de varios sistemas biol\u00f3gicos, bio-econ\u00f3micas y epidemiol\u00f3gicos.<\/span><\/li>\n<li style=\"font-weight: 400\"><span style=\"font-weight: 400\">An\u00e1lisis de costo-beneficio y costo-efectividad del comportamiento de sistemas controlados.<\/span><\/li>\n<li style=\"font-weight: 400\"><span style=\"font-weight: 400\">T\u00e9cnicas num\u00e9ricas para la estimaci\u00f3n de par\u00e1metros de modelos matem\u00e1ticos asociados a sistemas din\u00e1micos.<\/span><\/li>\n<li>Estudio de m\u00e9todos y t\u00e9cnicas estad\u00edsticas para analizar el comportamiento de plagas, enfermedades infecciosas y su interacci\u00f3n con las actividades humanas y otros factores.<\/li>\n<\/ul>","protected":false},"excerpt":{"rendered":"<p>MoBiMat es un centro de investigaci\u00f3n conformado por diferentes grupos de investigaci\u00f3n: ANOPI (An\u00e1lisis Num\u00e9rico, Optimizaci\u00f3n y Problemas Inversos) GIMS (Grupo de Investigaci\u00f3n en Modelaci\u00f3n y Simulaci\u00f3n) Programa de Vigilancia Epidemiol\u00f3gica del dengue en Cali Las l\u00edneas de trabajo de MoBiMat son: Desarrollo y an\u00e1lisis de modelos matem\u00e1ticos que describen:\u00a0 \u00a0 \u00a0 \u00a0 \u00a0 \u00a0 \u00a0 \u00a0 La din\u00e1mica poblacional<\/p>\n","protected":false},"author":1,"featured_media":0,"parent":24,"menu_order":0,"comment_status":"closed","ping_status":"closed","template":"","meta":{"footnotes":""},"class_list":["post-277","page","type-page","status-publish","hentry"],"acf":[],"_links":{"self":[{"href":"https:\/\/sitios.uao.edu.co\/mobimat\/wp-json\/wp\/v2\/pages\/277","targetHints":{"allow":["GET"]}}],"collection":[{"href":"https:\/\/sitios.uao.edu.co\/mobimat\/wp-json\/wp\/v2\/pages"}],"about":[{"href":"https:\/\/sitios.uao.edu.co\/mobimat\/wp-json\/wp\/v2\/types\/page"}],"author":[{"embeddable":true,"href":"https:\/\/sitios.uao.edu.co\/mobimat\/wp-json\/wp\/v2\/users\/1"}],"replies":[{"embeddable":true,"href":"https:\/\/sitios.uao.edu.co\/mobimat\/wp-json\/wp\/v2\/comments?post=277"}],"version-history":[{"count":2,"href":"https:\/\/sitios.uao.edu.co\/mobimat\/wp-json\/wp\/v2\/pages\/277\/revisions"}],"predecessor-version":[{"id":1211,"href":"https:\/\/sitios.uao.edu.co\/mobimat\/wp-json\/wp\/v2\/pages\/277\/revisions\/1211"}],"up":[{"embeddable":true,"href":"https:\/\/sitios.uao.edu.co\/mobimat\/wp-json\/wp\/v2\/pages\/24"}],"wp:attachment":[{"href":"https:\/\/sitios.uao.edu.co\/mobimat\/wp-json\/wp\/v2\/media?parent=277"}],"curies":[{"name":"wp","href":"https:\/\/api.w.org\/{rel}","templated":true}]}}