{"id":1546,"date":"2022-09-22T08:39:28","date_gmt":"2022-09-22T13:39:28","guid":{"rendered":"https:\/\/sitios.uao.edu.co\/labs\/?page_id=1546"},"modified":"2023-03-29T17:10:42","modified_gmt":"2023-03-29T22:10:42","slug":"laboratorio-de-ciencias-biomedicas","status":"publish","type":"page","link":"https:\/\/sitios.uao.edu.co\/labs\/laboratorio-de-ciencias-biomedicas\/","title":{"rendered":"Laboratorio de Ciencias Biom\u00e9dicas"},"content":{"rendered":"\t\t<div data-elementor-type=\"wp-page\" data-elementor-id=\"1546\" class=\"elementor elementor-1546\" data-elementor-post-type=\"page\">\n\t\t\t\t\t\t<section class=\"elementor-section elementor-top-section elementor-element elementor-element-422757ef elementor-section-full_width elementor-section-height-min-height elementor-section-items-top elementor-section-height-default\" data-id=\"422757ef\" data-element_type=\"section\" data-settings=\"{&quot;background_background&quot;:&quot;slideshow&quot;,&quot;background_slideshow_gallery&quot;:[{&quot;id&quot;:668,&quot;url&quot;:&quot;https:\\\/\\\/sitios.uao.edu.co\\\/labs\\\/wp-content\\\/uploads\\\/sites\\\/17\\\/2018\\\/12\\\/obtencion-de-nuevos-materiales-2.jpg&quot;},{&quot;id&quot;:696,&quot;url&quot;:&quot;https:\\\/\\\/sitios.uao.edu.co\\\/labs\\\/wp-content\\\/uploads\\\/sites\\\/17\\\/2018\\\/12\\\/DSC_5117.jpg&quot;},{&quot;id&quot;:671,&quot;url&quot;:&quot;https:\\\/\\\/sitios.uao.edu.co\\\/labs\\\/wp-content\\\/uploads\\\/sites\\\/17\\\/2018\\\/12\\\/Propuesta-de-rediseno-produccion-de-etanol-a-partir-del-mucilago-de-cafe-2.jpg&quot;}],&quot;background_slideshow_ken_burns&quot;:&quot;yes&quot;,&quot;background_slideshow_loop&quot;:&quot;yes&quot;,&quot;background_slideshow_slide_duration&quot;:5000,&quot;background_slideshow_slide_transition&quot;:&quot;fade&quot;,&quot;background_slideshow_transition_duration&quot;:500,&quot;background_slideshow_ken_burns_zoom_direction&quot;:&quot;in&quot;}\">\n\t\t\t\t\t\t\t<div class=\"elementor-background-overlay\"><\/div>\n\t\t\t\t\t\t\t<div class=\"elementor-container elementor-column-gap-default\">\n\t\t\t\t\t<div class=\"elementor-column elementor-col-100 elementor-top-column elementor-element elementor-element-7552d87b\" data-id=\"7552d87b\" data-element_type=\"column\">\n\t\t\t<div class=\"elementor-widget-wrap elementor-element-populated\">\n\t\t\t\t\t\t<section class=\"elementor-section elementor-inner-section elementor-element elementor-element-168cd9aa elementor-section-boxed elementor-section-height-default elementor-section-height-default\" data-id=\"168cd9aa\" data-element_type=\"section\">\n\t\t\t\t\t\t<div class=\"elementor-container elementor-column-gap-default\">\n\t\t\t\t\t<div class=\"elementor-column elementor-col-20 elementor-inner-column elementor-element elementor-element-5d8057ec\" data-id=\"5d8057ec\" data-element_type=\"column\">\n\t\t\t<div class=\"elementor-widget-wrap\">\n\t\t\t\t\t\t\t<\/div>\n\t\t<\/div>\n\t\t\t\t<div class=\"elementor-column elementor-col-20 elementor-inner-column elementor-element elementor-element-5578a195\" data-id=\"5578a195\" data-element_type=\"column\">\n\t\t\t<div class=\"elementor-widget-wrap elementor-element-populated\">\n\t\t\t\t\t\t<div class=\"elementor-element elementor-element-1aa0b9af elementor-widget elementor-widget-image\" data-id=\"1aa0b9af\" data-element_type=\"widget\" data-widget_type=\"image.default\">\n\t\t\t\t<div class=\"elementor-widget-container\">\n\t\t\t\t\t\t\t\t\t\t\t\t\t\t\t<img fetchpriority=\"high\" decoding=\"async\" width=\"1024\" height=\"230\" src=\"https:\/\/sitios.uao.edu.co\/labs\/wp-content\/uploads\/sites\/17\/2022\/09\/1203-LOGO-UAOLABS-COLOR-Y-BLANCO-1024x230.png\" class=\"attachment-large size-large wp-image-2462\" alt=\"\" srcset=\"https:\/\/sitios.uao.edu.co\/labs\/wp-content\/uploads\/sites\/17\/2022\/09\/1203-LOGO-UAOLABS-COLOR-Y-BLANCO-1024x230.png 1024w, https:\/\/sitios.uao.edu.co\/labs\/wp-content\/uploads\/sites\/17\/2022\/09\/1203-LOGO-UAOLABS-COLOR-Y-BLANCO-300x67.png 300w, https:\/\/sitios.uao.edu.co\/labs\/wp-content\/uploads\/sites\/17\/2022\/09\/1203-LOGO-UAOLABS-COLOR-Y-BLANCO-768x172.png 768w, https:\/\/sitios.uao.edu.co\/labs\/wp-content\/uploads\/sites\/17\/2022\/09\/1203-LOGO-UAOLABS-COLOR-Y-BLANCO-1536x345.png 1536w, https:\/\/sitios.uao.edu.co\/labs\/wp-content\/uploads\/sites\/17\/2022\/09\/1203-LOGO-UAOLABS-COLOR-Y-BLANCO-260x58.png 260w, https:\/\/sitios.uao.edu.co\/labs\/wp-content\/uploads\/sites\/17\/2022\/09\/1203-LOGO-UAOLABS-COLOR-Y-BLANCO-50x11.png 50w, https:\/\/sitios.uao.edu.co\/labs\/wp-content\/uploads\/sites\/17\/2022\/09\/1203-LOGO-UAOLABS-COLOR-Y-BLANCO-150x34.png 150w, https:\/\/sitios.uao.edu.co\/labs\/wp-content\/uploads\/sites\/17\/2022\/09\/1203-LOGO-UAOLABS-COLOR-Y-BLANCO.png 2000w\" sizes=\"(max-width: 1024px) 100vw, 1024px\" \/>\t\t\t\t\t\t\t\t\t\t\t\t\t\t\t<\/div>\n\t\t\t\t<\/div>\n\t\t\t\t\t<\/div>\n\t\t<\/div>\n\t\t\t\t<div class=\"elementor-column elementor-col-20 elementor-inner-column elementor-element elementor-element-5f7c8dc2\" data-id=\"5f7c8dc2\" data-element_type=\"column\">\n\t\t\t<div class=\"elementor-widget-wrap\">\n\t\t\t\t\t\t\t<\/div>\n\t\t<\/div>\n\t\t\t\t<div class=\"elementor-column elementor-col-20 elementor-inner-column elementor-element elementor-element-33b0e5b6\" data-id=\"33b0e5b6\" data-element_type=\"column\">\n\t\t\t<div class=\"elementor-widget-wrap\">\n\t\t\t\t\t\t\t<\/div>\n\t\t<\/div>\n\t\t\t\t<div class=\"elementor-column elementor-col-20 elementor-inner-column elementor-element elementor-element-6205f2c7\" data-id=\"6205f2c7\" data-element_type=\"column\">\n\t\t\t<div class=\"elementor-widget-wrap\">\n\t\t\t\t\t\t\t<\/div>\n\t\t<\/div>\n\t\t\t\t\t<\/div>\n\t\t<\/section>\n\t\t\t\t<section class=\"elementor-section elementor-inner-section elementor-element elementor-element-694913cc elementor-section-boxed elementor-section-height-default elementor-section-height-default\" data-id=\"694913cc\" data-element_type=\"section\">\n\t\t\t\t\t\t<div class=\"elementor-container elementor-column-gap-default\">\n\t\t\t\t\t<div class=\"elementor-column elementor-col-33 elementor-inner-column elementor-element elementor-element-1409dd04\" data-id=\"1409dd04\" data-element_type=\"column\">\n\t\t\t<div class=\"elementor-widget-wrap\">\n\t\t\t\t\t\t\t<\/div>\n\t\t<\/div>\n\t\t\t\t<div class=\"elementor-column elementor-col-33 elementor-inner-column elementor-element elementor-element-75a14508\" data-id=\"75a14508\" data-element_type=\"column\">\n\t\t\t<div class=\"elementor-widget-wrap elementor-element-populated\">\n\t\t\t\t\t\t<div class=\"elementor-element elementor-element-6ca92c70 elementor-widget-divider--view-line elementor-widget elementor-widget-divider\" data-id=\"6ca92c70\" data-element_type=\"widget\" data-widget_type=\"divider.default\">\n\t\t\t\t<div class=\"elementor-widget-container\">\n\t\t\t\t\t\t\t<div class=\"elementor-divider\">\n\t\t\t<span class=\"elementor-divider-separator\">\n\t\t\t\t\t\t<\/span>\n\t\t<\/div>\n\t\t\t\t\t\t<\/div>\n\t\t\t\t<\/div>\n\t\t\t\t\t<\/div>\n\t\t<\/div>\n\t\t\t\t<div class=\"elementor-column elementor-col-33 elementor-inner-column elementor-element elementor-element-2b63d73b\" data-id=\"2b63d73b\" data-element_type=\"column\">\n\t\t\t<div class=\"elementor-widget-wrap\">\n\t\t\t\t\t\t\t<\/div>\n\t\t<\/div>\n\t\t\t\t\t<\/div>\n\t\t<\/section>\n\t\t\t\t<section class=\"elementor-section elementor-inner-section elementor-element elementor-element-40aaf6ba elementor-section-boxed elementor-section-height-default elementor-section-height-default\" data-id=\"40aaf6ba\" data-element_type=\"section\">\n\t\t\t\t\t\t<div class=\"elementor-container elementor-column-gap-default\">\n\t\t\t\t\t<div class=\"elementor-column elementor-col-33 elementor-inner-column elementor-element elementor-element-78a4dedc\" data-id=\"78a4dedc\" data-element_type=\"column\">\n\t\t\t<div class=\"elementor-widget-wrap\">\n\t\t\t\t\t\t\t<\/div>\n\t\t<\/div>\n\t\t\t\t<div class=\"elementor-column elementor-col-33 elementor-inner-column elementor-element elementor-element-ee02409\" data-id=\"ee02409\" data-element_type=\"column\">\n\t\t\t<div class=\"elementor-widget-wrap elementor-element-populated\">\n\t\t\t\t\t\t<div class=\"elementor-element elementor-element-43023a65 elementor-widget elementor-widget-spacer\" data-id=\"43023a65\" data-element_type=\"widget\" data-widget_type=\"spacer.default\">\n\t\t\t\t<div class=\"elementor-widget-container\">\n\t\t\t\t\t\t\t<div class=\"elementor-spacer\">\n\t\t\t<div class=\"elementor-spacer-inner\"><\/div>\n\t\t<\/div>\n\t\t\t\t\t\t<\/div>\n\t\t\t\t<\/div>\n\t\t\t\t\t<\/div>\n\t\t<\/div>\n\t\t\t\t<div class=\"elementor-column elementor-col-33 elementor-inner-column elementor-element elementor-element-1e66b9cb\" data-id=\"1e66b9cb\" data-element_type=\"column\">\n\t\t\t<div class=\"elementor-widget-wrap\">\n\t\t\t\t\t\t\t<\/div>\n\t\t<\/div>\n\t\t\t\t\t<\/div>\n\t\t<\/section>\n\t\t\t\t<section class=\"elementor-section elementor-inner-section elementor-element elementor-element-1e09c727 elementor-section-boxed elementor-section-height-default elementor-section-height-default\" data-id=\"1e09c727\" data-element_type=\"section\">\n\t\t\t\t\t\t<div class=\"elementor-container elementor-column-gap-default\">\n\t\t\t\t\t<div class=\"elementor-column elementor-col-33 elementor-inner-column elementor-element elementor-element-66e67f1d\" data-id=\"66e67f1d\" data-element_type=\"column\">\n\t\t\t<div class=\"elementor-widget-wrap\">\n\t\t\t\t\t\t\t<\/div>\n\t\t<\/div>\n\t\t\t\t<div class=\"elementor-column elementor-col-33 elementor-inner-column elementor-element elementor-element-24e86075\" data-id=\"24e86075\" data-element_type=\"column\">\n\t\t\t<div class=\"elementor-widget-wrap elementor-element-populated\">\n\t\t\t\t\t\t<div class=\"elementor-element elementor-element-e417150 elementor-widget elementor-widget-heading\" data-id=\"e417150\" data-element_type=\"widget\" data-widget_type=\"heading.default\">\n\t\t\t\t<div class=\"elementor-widget-container\">\n\t\t\t\t\t<h1 class=\"elementor-heading-title elementor-size-default\">Laboratorio de Ciencias Biom\u00e9dicas<\/h1>\t\t\t\t<\/div>\n\t\t\t\t<\/div>\n\t\t\t\t<div class=\"elementor-element elementor-element-32418739 elementor-view-default elementor-widget elementor-widget-icon\" data-id=\"32418739\" data-element_type=\"widget\" data-widget_type=\"icon.default\">\n\t\t\t\t<div class=\"elementor-widget-container\">\n\t\t\t\t\t\t\t<div class=\"elementor-icon-wrapper\">\n\t\t\t<div class=\"elementor-icon\">\n\t\t\t<i aria-hidden=\"true\" class=\"fas fa-arrow-circle-down\"><\/i>\t\t\t<\/div>\n\t\t<\/div>\n\t\t\t\t\t\t<\/div>\n\t\t\t\t<\/div>\n\t\t\t\t\t<\/div>\n\t\t<\/div>\n\t\t\t\t<div class=\"elementor-column elementor-col-33 elementor-inner-column elementor-element elementor-element-6852252\" data-id=\"6852252\" data-element_type=\"column\">\n\t\t\t<div class=\"elementor-widget-wrap\">\n\t\t\t\t\t\t\t<\/div>\n\t\t<\/div>\n\t\t\t\t\t<\/div>\n\t\t<\/section>\n\t\t\t\t\t<\/div>\n\t\t<\/div>\n\t\t\t\t\t<\/div>\n\t\t<\/section>\n\t\t\t\t<section class=\"elementor-section elementor-top-section elementor-element elementor-element-63647359 elementor-section-boxed elementor-section-height-default elementor-section-height-default\" data-id=\"63647359\" data-element_type=\"section\" data-settings=\"{&quot;background_background&quot;:&quot;classic&quot;}\">\n\t\t\t\t\t\t<div class=\"elementor-container elementor-column-gap-default\">\n\t\t\t\t\t<div class=\"elementor-column elementor-col-100 elementor-top-column elementor-element elementor-element-1e2035ca\" data-id=\"1e2035ca\" data-element_type=\"column\">\n\t\t\t<div class=\"elementor-widget-wrap elementor-element-populated\">\n\t\t\t\t\t\t<div class=\"elementor-element elementor-element-6ef081ab elementor-widget elementor-widget-spacer\" data-id=\"6ef081ab\" data-element_type=\"widget\" data-widget_type=\"spacer.default\">\n\t\t\t\t<div class=\"elementor-widget-container\">\n\t\t\t\t\t\t\t<div class=\"elementor-spacer\">\n\t\t\t<div class=\"elementor-spacer-inner\"><\/div>\n\t\t<\/div>\n\t\t\t\t\t\t<\/div>\n\t\t\t\t<\/div>\n\t\t\t\t\t<\/div>\n\t\t<\/div>\n\t\t\t\t\t<\/div>\n\t\t<\/section>\n\t\t\t\t<section class=\"elementor-section elementor-top-section elementor-element elementor-element-d21b44e elementor-section-boxed elementor-section-height-default elementor-section-height-default\" data-id=\"d21b44e\" data-element_type=\"section\" data-settings=\"{&quot;background_background&quot;:&quot;classic&quot;}\">\n\t\t\t\t\t\t<div class=\"elementor-container elementor-column-gap-default\">\n\t\t\t\t\t<div class=\"elementor-column elementor-col-100 elementor-top-column elementor-element elementor-element-e3d0454\" data-id=\"e3d0454\" data-element_type=\"column\">\n\t\t\t<div class=\"elementor-widget-wrap elementor-element-populated\">\n\t\t\t\t\t\t<div class=\"elementor-element elementor-element-2478a62 elementor-widget elementor-widget-heading\" data-id=\"2478a62\" data-element_type=\"widget\" data-widget_type=\"heading.default\">\n\t\t\t\t<div class=\"elementor-widget-container\">\n\t\t\t\t\t<h2 class=\"elementor-heading-title elementor-size-default\">Facultad: <br>Ingenier\u00eda<\/h2>\t\t\t\t<\/div>\n\t\t\t\t<\/div>\n\t\t\t\t\t<\/div>\n\t\t<\/div>\n\t\t\t\t\t<\/div>\n\t\t<\/section>\n\t\t\t\t<section class=\"elementor-section elementor-top-section elementor-element elementor-element-5bf0d407 elementor-section-boxed elementor-section-height-default elementor-section-height-default\" data-id=\"5bf0d407\" data-element_type=\"section\" data-settings=\"{&quot;background_background&quot;:&quot;classic&quot;}\">\n\t\t\t\t\t\t<div class=\"elementor-container elementor-column-gap-default\">\n\t\t\t\t\t<div class=\"elementor-column elementor-col-100 elementor-top-column elementor-element elementor-element-1524bce0\" data-id=\"1524bce0\" data-element_type=\"column\">\n\t\t\t<div class=\"elementor-widget-wrap elementor-element-populated\">\n\t\t\t\t\t\t<div class=\"elementor-element elementor-element-6b6079e2 elementor-widget elementor-widget-spacer\" data-id=\"6b6079e2\" data-element_type=\"widget\" data-widget_type=\"spacer.default\">\n\t\t\t\t<div class=\"elementor-widget-container\">\n\t\t\t\t\t\t\t<div class=\"elementor-spacer\">\n\t\t\t<div class=\"elementor-spacer-inner\"><\/div>\n\t\t<\/div>\n\t\t\t\t\t\t<\/div>\n\t\t\t\t<\/div>\n\t\t\t\t\t<\/div>\n\t\t<\/div>\n\t\t\t\t\t<\/div>\n\t\t<\/section>\n\t\t\t\t<section class=\"elementor-section elementor-top-section elementor-element elementor-element-4628087b elementor-section-boxed elementor-section-height-default elementor-section-height-default\" data-id=\"4628087b\" data-element_type=\"section\" data-settings=\"{&quot;background_background&quot;:&quot;classic&quot;}\">\n\t\t\t\t\t\t<div class=\"elementor-container elementor-column-gap-default\">\n\t\t\t\t\t<div class=\"elementor-column elementor-col-100 elementor-top-column elementor-element elementor-element-3e785671\" data-id=\"3e785671\" data-element_type=\"column\">\n\t\t\t<div class=\"elementor-widget-wrap elementor-element-populated\">\n\t\t\t\t\t\t<div class=\"elementor-element elementor-element-75c3f4ee elementor-widget elementor-widget-spacer\" data-id=\"75c3f4ee\" data-element_type=\"widget\" data-widget_type=\"spacer.default\">\n\t\t\t\t<div class=\"elementor-widget-container\">\n\t\t\t\t\t\t\t<div class=\"elementor-spacer\">\n\t\t\t<div class=\"elementor-spacer-inner\"><\/div>\n\t\t<\/div>\n\t\t\t\t\t\t<\/div>\n\t\t\t\t<\/div>\n\t\t\t\t\t<\/div>\n\t\t<\/div>\n\t\t\t\t\t<\/div>\n\t\t<\/section>\n\t\t\t\t<section class=\"elementor-section elementor-top-section elementor-element elementor-element-ba53c94 elementor-section-boxed elementor-section-height-default elementor-section-height-default\" data-id=\"ba53c94\" data-element_type=\"section\" data-settings=\"{&quot;background_background&quot;:&quot;classic&quot;}\">\n\t\t\t\t\t\t<div class=\"elementor-container elementor-column-gap-default\">\n\t\t\t\t\t<div class=\"elementor-column elementor-col-33 elementor-top-column elementor-element elementor-element-abfefa5\" data-id=\"abfefa5\" data-element_type=\"column\">\n\t\t\t<div class=\"elementor-widget-wrap\">\n\t\t\t\t\t\t\t<\/div>\n\t\t<\/div>\n\t\t\t\t<div class=\"elementor-column elementor-col-33 elementor-top-column elementor-element elementor-element-889fcf3\" data-id=\"889fcf3\" data-element_type=\"column\">\n\t\t\t<div class=\"elementor-widget-wrap elementor-element-populated\">\n\t\t\t\t\t\t<div class=\"elementor-element elementor-element-43d13cc elementor-widget elementor-widget-text-editor\" data-id=\"43d13cc\" data-element_type=\"widget\" data-widget_type=\"text-editor.default\">\n\t\t\t\t<div class=\"elementor-widget-container\">\n\t\t\t\t\t\t\t\t\t<p><span style=\"color: #333333;\">El laboratorio de Ciencias Biom\u00e9dicas brinda a los estudiantes habilidades en la realizaci\u00f3n de t\u00e9cnicas anal\u00edticas, manejo de equipos para materiales biol\u00f3gicos e inorg\u00e1nicos y reactivos, manejo de equipos biom\u00e9dicos para el procesamiento de se\u00f1ales fisiol\u00f3gicas; permitiendo la correlaci\u00f3n en la pr\u00e1ctica de los conceptos te\u00f3ricos adquiridos. As\u00ed mismo, el estudiante se familiariza con pruebas de laboratorio aplicadas a la bioqu\u00edmica metab\u00f3lica, analizando su significado e interpretando los resultados para su correlaci\u00f3n con la cl\u00ednica.<\/span><\/p><p><span style=\"color: #000000;\"><strong>Servicios:<\/strong><\/span><\/p><ul><li><span style=\"color: #000000;\">-An\u00e1lisis de microscopio.<\/span><\/li><li><span style=\"color: #000000;\">-An\u00e1lisis de pH.<\/span><\/li><li><span style=\"color: #000000;\">-Esterilizaci\u00f3n y auto clavado.<\/span><\/li><li><span style=\"color: #000000;\">-Preparaci\u00f3n de medios de cultivo.<\/span><\/li><li><span style=\"color: #000000;\">-Suministro de agua destilada.<\/span><\/li><\/ul><p><span style=\"color: #333333;\">\u00a0<\/span><\/p>\t\t\t\t\t\t\t\t<\/div>\n\t\t\t\t<\/div>\n\t\t\t\t\t<\/div>\n\t\t<\/div>\n\t\t\t\t<div class=\"elementor-column elementor-col-33 elementor-top-column elementor-element elementor-element-c5420c1\" data-id=\"c5420c1\" data-element_type=\"column\">\n\t\t\t<div class=\"elementor-widget-wrap\">\n\t\t\t\t\t\t\t<\/div>\n\t\t<\/div>\n\t\t\t\t\t<\/div>\n\t\t<\/section>\n\t\t\t\t<section class=\"elementor-section elementor-top-section elementor-element elementor-element-205e073a elementor-section-full_width elementor-section-height-min-height elementor-section-height-default elementor-section-items-middle\" data-id=\"205e073a\" data-element_type=\"section\" data-settings=\"{&quot;background_background&quot;:&quot;classic&quot;}\">\n\t\t\t\t\t\t<div class=\"elementor-container elementor-column-gap-default\">\n\t\t\t\t\t<div class=\"elementor-column elementor-col-100 elementor-top-column elementor-element elementor-element-6d55ef81\" data-id=\"6d55ef81\" data-element_type=\"column\">\n\t\t\t<div class=\"elementor-widget-wrap elementor-element-populated\">\n\t\t\t\t\t\t<div class=\"elementor-element elementor-element-4c685a77 elementor-widget elementor-widget-spacer\" data-id=\"4c685a77\" data-element_type=\"widget\" data-widget_type=\"spacer.default\">\n\t\t\t\t<div class=\"elementor-widget-container\">\n\t\t\t\t\t\t\t<div class=\"elementor-spacer\">\n\t\t\t<div class=\"elementor-spacer-inner\"><\/div>\n\t\t<\/div>\n\t\t\t\t\t\t<\/div>\n\t\t\t\t<\/div>\n\t\t\t\t\t<\/div>\n\t\t<\/div>\n\t\t\t\t\t<\/div>\n\t\t<\/section>\n\t\t\t\t<section class=\"elementor-section elementor-top-section elementor-element elementor-element-6c64537 elementor-section-boxed elementor-section-height-default elementor-section-height-default\" data-id=\"6c64537\" data-element_type=\"section\" data-settings=\"{&quot;background_background&quot;:&quot;classic&quot;}\">\n\t\t\t\t\t\t<div class=\"elementor-container elementor-column-gap-default\">\n\t\t\t\t\t<div class=\"elementor-column elementor-col-100 elementor-top-column elementor-element elementor-element-d04a262\" data-id=\"d04a262\" data-element_type=\"column\">\n\t\t\t<div class=\"elementor-widget-wrap\">\n\t\t\t\t\t\t\t<\/div>\n\t\t<\/div>\n\t\t\t\t\t<\/div>\n\t\t<\/section>\n\t\t\t\t<section class=\"elementor-section elementor-top-section elementor-element elementor-element-bddcece elementor-section-boxed elementor-section-height-default elementor-section-height-default\" data-id=\"bddcece\" data-element_type=\"section\">\n\t\t\t\t\t\t<div class=\"elementor-container elementor-column-gap-default\">\n\t\t\t\t\t<div class=\"elementor-column elementor-col-100 elementor-top-column elementor-element elementor-element-ac139c7\" data-id=\"ac139c7\" data-element_type=\"column\">\n\t\t\t<div class=\"elementor-widget-wrap elementor-element-populated\">\n\t\t\t\t\t\t<div class=\"elementor-element elementor-element-27b4a46 elementor-widget elementor-widget-spacer\" data-id=\"27b4a46\" data-element_type=\"widget\" data-widget_type=\"spacer.default\">\n\t\t\t\t<div class=\"elementor-widget-container\">\n\t\t\t\t\t\t\t<div class=\"elementor-spacer\">\n\t\t\t<div class=\"elementor-spacer-inner\"><\/div>\n\t\t<\/div>\n\t\t\t\t\t\t<\/div>\n\t\t\t\t<\/div>\n\t\t\t\t\t<\/div>\n\t\t<\/div>\n\t\t\t\t\t<\/div>\n\t\t<\/section>\n\t\t\t\t<section class=\"elementor-section elementor-top-section elementor-element elementor-element-bed829a elementor-section-full_width elementor-section-height-min-height elementor-section-height-default elementor-section-items-middle\" data-id=\"bed829a\" data-element_type=\"section\" data-settings=\"{&quot;background_background&quot;:&quot;classic&quot;}\">\n\t\t\t\t\t\t\t<div class=\"elementor-background-overlay\"><\/div>\n\t\t\t\t\t\t\t<div class=\"elementor-container elementor-column-gap-default\">\n\t\t\t\t\t<div class=\"elementor-column elementor-col-25 elementor-top-column elementor-element elementor-element-2f3d659\" data-id=\"2f3d659\" data-element_type=\"column\">\n\t\t\t<div class=\"elementor-widget-wrap\">\n\t\t\t\t\t\t\t<\/div>\n\t\t<\/div>\n\t\t\t\t<div class=\"elementor-column elementor-col-25 elementor-top-column elementor-element elementor-element-883b383\" data-id=\"883b383\" data-element_type=\"column\">\n\t\t\t<div class=\"elementor-widget-wrap elementor-element-populated\">\n\t\t\t\t\t\t<div class=\"elementor-element elementor-element-fc8896b elementor-widget elementor-widget-spacer\" data-id=\"fc8896b\" data-element_type=\"widget\" data-widget_type=\"spacer.default\">\n\t\t\t\t<div class=\"elementor-widget-container\">\n\t\t\t\t\t\t\t<div class=\"elementor-spacer\">\n\t\t\t<div class=\"elementor-spacer-inner\"><\/div>\n\t\t<\/div>\n\t\t\t\t\t\t<\/div>\n\t\t\t\t<\/div>\n\t\t\t\t<div class=\"elementor-element elementor-element-01c89ae elementor-widget elementor-widget-image\" data-id=\"01c89ae\" data-element_type=\"widget\" data-widget_type=\"image.default\">\n\t\t\t\t<div class=\"elementor-widget-container\">\n\t\t\t\t\t\t\t\t\t\t\t\t\t\t\t<img decoding=\"async\" width=\"1023\" height=\"520\" src=\"https:\/\/sitios.uao.edu.co\/labs\/wp-content\/uploads\/sites\/17\/2022\/12\/Logo-UAO.png\" class=\"attachment-large size-large wp-image-2935\" alt=\"\" srcset=\"https:\/\/sitios.uao.edu.co\/labs\/wp-content\/uploads\/sites\/17\/2022\/12\/Logo-UAO.png 1023w, https:\/\/sitios.uao.edu.co\/labs\/wp-content\/uploads\/sites\/17\/2022\/12\/Logo-UAO-300x152.png 300w, https:\/\/sitios.uao.edu.co\/labs\/wp-content\/uploads\/sites\/17\/2022\/12\/Logo-UAO-768x390.png 768w, https:\/\/sitios.uao.edu.co\/labs\/wp-content\/uploads\/sites\/17\/2022\/12\/Logo-UAO-260x132.png 260w, https:\/\/sitios.uao.edu.co\/labs\/wp-content\/uploads\/sites\/17\/2022\/12\/Logo-UAO-50x25.png 50w, https:\/\/sitios.uao.edu.co\/labs\/wp-content\/uploads\/sites\/17\/2022\/12\/Logo-UAO-148x75.png 148w\" sizes=\"(max-width: 1023px) 100vw, 1023px\" \/>\t\t\t\t\t\t\t\t\t\t\t\t\t\t\t<\/div>\n\t\t\t\t<\/div>\n\t\t\t\t\t<\/div>\n\t\t<\/div>\n\t\t\t\t<div class=\"elementor-column elementor-col-25 elementor-top-column elementor-element elementor-element-c692887\" data-id=\"c692887\" data-element_type=\"column\">\n\t\t\t<div class=\"elementor-widget-wrap elementor-element-populated\">\n\t\t\t\t\t\t<div class=\"elementor-element elementor-element-b863d4f elementor-widget elementor-widget-spacer\" data-id=\"b863d4f\" data-element_type=\"widget\" data-widget_type=\"spacer.default\">\n\t\t\t\t<div class=\"elementor-widget-container\">\n\t\t\t\t\t\t\t<div class=\"elementor-spacer\">\n\t\t\t<div class=\"elementor-spacer-inner\"><\/div>\n\t\t<\/div>\n\t\t\t\t\t\t<\/div>\n\t\t\t\t<\/div>\n\t\t\t\t<div class=\"elementor-element elementor-element-8b81b1e elementor-widget elementor-widget-text-editor\" data-id=\"8b81b1e\" data-element_type=\"widget\" data-widget_type=\"text-editor.default\">\n\t\t\t\t<div class=\"elementor-widget-container\">\n\t\t\t\t\t\t\t\t\t<p>Personer\u00eda jur\u00eddica, Res. No. 0618, de la Gobernaci\u00f3n del Valle del Cauca, del 20 de febrero de 1970. Universidad Aut\u00f3noma de Occidente, Res. No. 2766, del Ministerio de Educaci\u00f3n Nacional, del 13 de noviembre de 2003.<br \/>Acreditaci\u00f3n Institucional de Alta Calidad, Res. 23002 del 30 de noviembre de 2021.<br \/>Acreditaci\u00f3n Internacional de Alta Calidad, acuerdo No. 85 del 26\/01\/2022 del Cinda<\/p><p>La Universidad Aut\u00f3noma de Occidente est\u00e1 sujeta a inspecci\u00f3n y vigilancia por el Ministerio de Educaci\u00f3n Nacional &#8211; Art\u00edculo 39 del decreto 1295 de 2010<\/p>\t\t\t\t\t\t\t\t<\/div>\n\t\t\t\t<\/div>\n\t\t\t\t\t<\/div>\n\t\t<\/div>\n\t\t\t\t<div class=\"elementor-column elementor-col-25 elementor-top-column elementor-element elementor-element-42674ce\" data-id=\"42674ce\" data-element_type=\"column\">\n\t\t\t<div class=\"elementor-widget-wrap\">\n\t\t\t\t\t\t\t<\/div>\n\t\t<\/div>\n\t\t\t\t\t<\/div>\n\t\t<\/section>\n\t\t\t\t<\/div>\n\t\t","protected":false},"excerpt":{"rendered":"<p>Contacto Inicio Laboratorios Reservas Noticias Estructura Organizacional Talleres complementarios Laboratorio de Ciencias Biom\u00e9dicas Facultad: Ingenier\u00eda El laboratorio de Ciencias Biom\u00e9dicas brinda a los estudiantes habilidades en<span class=\"excerpt-hellip\"> [\u2026]<\/span><\/p>\n","protected":false},"author":281,"featured_media":0,"parent":0,"menu_order":0,"comment_status":"closed","ping_status":"closed","template":"elementor_canvas","meta":{"footnotes":""},"class_list":["post-1546","page","type-page","status-publish","hentry"],"acf":[],"_links":{"self":[{"href":"https:\/\/sitios.uao.edu.co\/labs\/wp-json\/wp\/v2\/pages\/1546","targetHints":{"allow":["GET"]}}],"collection":[{"href":"https:\/\/sitios.uao.edu.co\/labs\/wp-json\/wp\/v2\/pages"}],"about":[{"href":"https:\/\/sitios.uao.edu.co\/labs\/wp-json\/wp\/v2\/types\/page"}],"author":[{"embeddable":true,"href":"https:\/\/sitios.uao.edu.co\/labs\/wp-json\/wp\/v2\/users\/281"}],"replies":[{"embeddable":true,"href":"https:\/\/sitios.uao.edu.co\/labs\/wp-json\/wp\/v2\/comments?post=1546"}],"version-history":[{"count":3,"href":"https:\/\/sitios.uao.edu.co\/labs\/wp-json\/wp\/v2\/pages\/1546\/revisions"}],"predecessor-version":[{"id":3155,"href":"https:\/\/sitios.uao.edu.co\/labs\/wp-json\/wp\/v2\/pages\/1546\/revisions\/3155"}],"wp:attachment":[{"href":"https:\/\/sitios.uao.edu.co\/labs\/wp-json\/wp\/v2\/media?parent=1546"}],"curies":[{"name":"wp","href":"https:\/\/api.w.org\/{rel}","templated":true}]}}