{"id":1542,"date":"2022-09-22T08:38:35","date_gmt":"2022-09-22T13:38:35","guid":{"rendered":"https:\/\/sitios.uao.edu.co\/labs\/?page_id=1542"},"modified":"2022-12-06T13:48:15","modified_gmt":"2022-12-06T18:48:15","slug":"laboratorio-de-biomecanica","status":"publish","type":"page","link":"https:\/\/sitios.uao.edu.co\/labs\/laboratorio-de-biomecanica\/","title":{"rendered":"Laboratorio de Biomec\u00e1nica"},"content":{"rendered":"\t\t<div data-elementor-type=\"wp-page\" data-elementor-id=\"1542\" class=\"elementor elementor-1542\" data-elementor-post-type=\"page\">\n\t\t\t\t\t\t<section class=\"elementor-section elementor-top-section elementor-element elementor-element-230a24e8 elementor-section-full_width elementor-section-height-min-height elementor-section-items-top elementor-section-height-default\" data-id=\"230a24e8\" data-element_type=\"section\" data-settings=\"{&quot;background_background&quot;:&quot;slideshow&quot;,&quot;background_slideshow_gallery&quot;:[{&quot;id&quot;:1619,&quot;url&quot;:&quot;https:\\\/\\\/sitios.uao.edu.co\\\/labs\\\/wp-content\\\/uploads\\\/sites\\\/17\\\/2022\\\/09\\\/Evaluacion-de-la-calidad-de-aceite-2.jpg&quot;},{&quot;id&quot;:1621,&quot;url&quot;:&quot;https:\\\/\\\/sitios.uao.edu.co\\\/labs\\\/wp-content\\\/uploads\\\/sites\\\/17\\\/2022\\\/09\\\/Captura-3.jpg&quot;},{&quot;id&quot;:947,&quot;url&quot;:&quot;https:\\\/\\\/sitios.uao.edu.co\\\/labs\\\/wp-content\\\/uploads\\\/sites\\\/17\\\/2019\\\/07\\\/fablab.jpg&quot;}],&quot;background_slideshow_ken_burns&quot;:&quot;yes&quot;,&quot;background_slideshow_loop&quot;:&quot;yes&quot;,&quot;background_slideshow_slide_duration&quot;:5000,&quot;background_slideshow_slide_transition&quot;:&quot;fade&quot;,&quot;background_slideshow_transition_duration&quot;:500,&quot;background_slideshow_ken_burns_zoom_direction&quot;:&quot;in&quot;}\">\n\t\t\t\t\t\t\t<div class=\"elementor-background-overlay\"><\/div>\n\t\t\t\t\t\t\t<div class=\"elementor-container elementor-column-gap-default\">\n\t\t\t\t\t<div class=\"elementor-column elementor-col-100 elementor-top-column elementor-element elementor-element-6e813bc5\" data-id=\"6e813bc5\" data-element_type=\"column\">\n\t\t\t<div class=\"elementor-widget-wrap elementor-element-populated\">\n\t\t\t\t\t\t<section class=\"elementor-section elementor-inner-section elementor-element elementor-element-47aa9100 elementor-section-boxed elementor-section-height-default elementor-section-height-default\" data-id=\"47aa9100\" data-element_type=\"section\">\n\t\t\t\t\t\t<div class=\"elementor-container elementor-column-gap-default\">\n\t\t\t\t\t<div class=\"elementor-column elementor-col-20 elementor-inner-column elementor-element elementor-element-1553c756\" data-id=\"1553c756\" data-element_type=\"column\">\n\t\t\t<div class=\"elementor-widget-wrap\">\n\t\t\t\t\t\t\t<\/div>\n\t\t<\/div>\n\t\t\t\t<div class=\"elementor-column elementor-col-20 elementor-inner-column elementor-element elementor-element-6fb0b97f\" data-id=\"6fb0b97f\" data-element_type=\"column\">\n\t\t\t<div class=\"elementor-widget-wrap elementor-element-populated\">\n\t\t\t\t\t\t<div class=\"elementor-element elementor-element-6d560889 elementor-widget elementor-widget-image\" data-id=\"6d560889\" data-element_type=\"widget\" data-widget_type=\"image.default\">\n\t\t\t\t<div class=\"elementor-widget-container\">\n\t\t\t\t\t\t\t\t\t\t\t\t\t\t\t<img fetchpriority=\"high\" decoding=\"async\" width=\"1024\" height=\"230\" src=\"https:\/\/sitios.uao.edu.co\/labs\/wp-content\/uploads\/sites\/17\/2022\/09\/1203-LOGO-UAOLABS-COLOR-Y-BLANCO-1024x230.png\" class=\"attachment-large size-large wp-image-2462\" alt=\"\" srcset=\"https:\/\/sitios.uao.edu.co\/labs\/wp-content\/uploads\/sites\/17\/2022\/09\/1203-LOGO-UAOLABS-COLOR-Y-BLANCO-1024x230.png 1024w, https:\/\/sitios.uao.edu.co\/labs\/wp-content\/uploads\/sites\/17\/2022\/09\/1203-LOGO-UAOLABS-COLOR-Y-BLANCO-300x67.png 300w, https:\/\/sitios.uao.edu.co\/labs\/wp-content\/uploads\/sites\/17\/2022\/09\/1203-LOGO-UAOLABS-COLOR-Y-BLANCO-768x172.png 768w, https:\/\/sitios.uao.edu.co\/labs\/wp-content\/uploads\/sites\/17\/2022\/09\/1203-LOGO-UAOLABS-COLOR-Y-BLANCO-1536x345.png 1536w, https:\/\/sitios.uao.edu.co\/labs\/wp-content\/uploads\/sites\/17\/2022\/09\/1203-LOGO-UAOLABS-COLOR-Y-BLANCO-260x58.png 260w, https:\/\/sitios.uao.edu.co\/labs\/wp-content\/uploads\/sites\/17\/2022\/09\/1203-LOGO-UAOLABS-COLOR-Y-BLANCO-50x11.png 50w, https:\/\/sitios.uao.edu.co\/labs\/wp-content\/uploads\/sites\/17\/2022\/09\/1203-LOGO-UAOLABS-COLOR-Y-BLANCO-150x34.png 150w, https:\/\/sitios.uao.edu.co\/labs\/wp-content\/uploads\/sites\/17\/2022\/09\/1203-LOGO-UAOLABS-COLOR-Y-BLANCO.png 2000w\" sizes=\"(max-width: 1024px) 100vw, 1024px\" \/>\t\t\t\t\t\t\t\t\t\t\t\t\t\t\t<\/div>\n\t\t\t\t<\/div>\n\t\t\t\t\t<\/div>\n\t\t<\/div>\n\t\t\t\t<div class=\"elementor-column elementor-col-20 elementor-inner-column elementor-element elementor-element-21d3ae6c\" data-id=\"21d3ae6c\" data-element_type=\"column\">\n\t\t\t<div class=\"elementor-widget-wrap\">\n\t\t\t\t\t\t\t<\/div>\n\t\t<\/div>\n\t\t\t\t<div class=\"elementor-column elementor-col-20 elementor-inner-column elementor-element elementor-element-509e8fe\" data-id=\"509e8fe\" data-element_type=\"column\">\n\t\t\t<div class=\"elementor-widget-wrap\">\n\t\t\t\t\t\t\t<\/div>\n\t\t<\/div>\n\t\t\t\t<div class=\"elementor-column elementor-col-20 elementor-inner-column elementor-element elementor-element-760deb59\" data-id=\"760deb59\" data-element_type=\"column\">\n\t\t\t<div class=\"elementor-widget-wrap\">\n\t\t\t\t\t\t\t<\/div>\n\t\t<\/div>\n\t\t\t\t\t<\/div>\n\t\t<\/section>\n\t\t\t\t<section class=\"elementor-section elementor-inner-section elementor-element elementor-element-1f8487c4 elementor-section-boxed elementor-section-height-default elementor-section-height-default\" data-id=\"1f8487c4\" data-element_type=\"section\">\n\t\t\t\t\t\t<div class=\"elementor-container elementor-column-gap-default\">\n\t\t\t\t\t<div class=\"elementor-column elementor-col-33 elementor-inner-column elementor-element elementor-element-4a47e188\" data-id=\"4a47e188\" data-element_type=\"column\">\n\t\t\t<div class=\"elementor-widget-wrap\">\n\t\t\t\t\t\t\t<\/div>\n\t\t<\/div>\n\t\t\t\t<div class=\"elementor-column elementor-col-33 elementor-inner-column elementor-element elementor-element-771e531e\" data-id=\"771e531e\" data-element_type=\"column\">\n\t\t\t<div class=\"elementor-widget-wrap elementor-element-populated\">\n\t\t\t\t\t\t<div class=\"elementor-element elementor-element-1adedd7e elementor-widget-divider--view-line elementor-widget elementor-widget-divider\" data-id=\"1adedd7e\" data-element_type=\"widget\" data-widget_type=\"divider.default\">\n\t\t\t\t<div class=\"elementor-widget-container\">\n\t\t\t\t\t\t\t<div class=\"elementor-divider\">\n\t\t\t<span class=\"elementor-divider-separator\">\n\t\t\t\t\t\t<\/span>\n\t\t<\/div>\n\t\t\t\t\t\t<\/div>\n\t\t\t\t<\/div>\n\t\t\t\t\t<\/div>\n\t\t<\/div>\n\t\t\t\t<div class=\"elementor-column elementor-col-33 elementor-inner-column elementor-element elementor-element-799a7de4\" data-id=\"799a7de4\" data-element_type=\"column\">\n\t\t\t<div class=\"elementor-widget-wrap\">\n\t\t\t\t\t\t\t<\/div>\n\t\t<\/div>\n\t\t\t\t\t<\/div>\n\t\t<\/section>\n\t\t\t\t<section class=\"elementor-section elementor-inner-section elementor-element elementor-element-7c78520d elementor-section-boxed elementor-section-height-default elementor-section-height-default\" data-id=\"7c78520d\" data-element_type=\"section\">\n\t\t\t\t\t\t<div class=\"elementor-container elementor-column-gap-default\">\n\t\t\t\t\t<div class=\"elementor-column elementor-col-33 elementor-inner-column elementor-element elementor-element-852f10c\" data-id=\"852f10c\" data-element_type=\"column\">\n\t\t\t<div class=\"elementor-widget-wrap\">\n\t\t\t\t\t\t\t<\/div>\n\t\t<\/div>\n\t\t\t\t<div class=\"elementor-column elementor-col-33 elementor-inner-column elementor-element elementor-element-28d14c1\" data-id=\"28d14c1\" data-element_type=\"column\">\n\t\t\t<div class=\"elementor-widget-wrap elementor-element-populated\">\n\t\t\t\t\t\t<div class=\"elementor-element elementor-element-5f37480c elementor-widget elementor-widget-spacer\" data-id=\"5f37480c\" data-element_type=\"widget\" data-widget_type=\"spacer.default\">\n\t\t\t\t<div class=\"elementor-widget-container\">\n\t\t\t\t\t\t\t<div class=\"elementor-spacer\">\n\t\t\t<div class=\"elementor-spacer-inner\"><\/div>\n\t\t<\/div>\n\t\t\t\t\t\t<\/div>\n\t\t\t\t<\/div>\n\t\t\t\t\t<\/div>\n\t\t<\/div>\n\t\t\t\t<div class=\"elementor-column elementor-col-33 elementor-inner-column elementor-element elementor-element-18b44f96\" data-id=\"18b44f96\" data-element_type=\"column\">\n\t\t\t<div class=\"elementor-widget-wrap\">\n\t\t\t\t\t\t\t<\/div>\n\t\t<\/div>\n\t\t\t\t\t<\/div>\n\t\t<\/section>\n\t\t\t\t<section class=\"elementor-section elementor-inner-section elementor-element elementor-element-2883c6b3 elementor-section-boxed elementor-section-height-default elementor-section-height-default\" data-id=\"2883c6b3\" data-element_type=\"section\">\n\t\t\t\t\t\t<div class=\"elementor-container elementor-column-gap-default\">\n\t\t\t\t\t<div class=\"elementor-column elementor-col-33 elementor-inner-column elementor-element elementor-element-7dd6fd7c\" data-id=\"7dd6fd7c\" data-element_type=\"column\">\n\t\t\t<div class=\"elementor-widget-wrap\">\n\t\t\t\t\t\t\t<\/div>\n\t\t<\/div>\n\t\t\t\t<div class=\"elementor-column elementor-col-33 elementor-inner-column elementor-element elementor-element-4dae9210\" data-id=\"4dae9210\" data-element_type=\"column\">\n\t\t\t<div class=\"elementor-widget-wrap elementor-element-populated\">\n\t\t\t\t\t\t<div class=\"elementor-element elementor-element-66357669 elementor-widget elementor-widget-heading\" data-id=\"66357669\" data-element_type=\"widget\" data-widget_type=\"heading.default\">\n\t\t\t\t<div class=\"elementor-widget-container\">\n\t\t\t\t\t<h1 class=\"elementor-heading-title elementor-size-default\">Laboratorio de Biomec\u00e1nica<\/h1>\t\t\t\t<\/div>\n\t\t\t\t<\/div>\n\t\t\t\t<div class=\"elementor-element elementor-element-7fa6257b elementor-view-default elementor-widget elementor-widget-icon\" data-id=\"7fa6257b\" data-element_type=\"widget\" data-widget_type=\"icon.default\">\n\t\t\t\t<div class=\"elementor-widget-container\">\n\t\t\t\t\t\t\t<div class=\"elementor-icon-wrapper\">\n\t\t\t<div class=\"elementor-icon\">\n\t\t\t<i aria-hidden=\"true\" class=\"fas fa-arrow-circle-down\"><\/i>\t\t\t<\/div>\n\t\t<\/div>\n\t\t\t\t\t\t<\/div>\n\t\t\t\t<\/div>\n\t\t\t\t\t<\/div>\n\t\t<\/div>\n\t\t\t\t<div class=\"elementor-column elementor-col-33 elementor-inner-column elementor-element elementor-element-1893f4a5\" data-id=\"1893f4a5\" data-element_type=\"column\">\n\t\t\t<div class=\"elementor-widget-wrap\">\n\t\t\t\t\t\t\t<\/div>\n\t\t<\/div>\n\t\t\t\t\t<\/div>\n\t\t<\/section>\n\t\t\t\t\t<\/div>\n\t\t<\/div>\n\t\t\t\t\t<\/div>\n\t\t<\/section>\n\t\t\t\t<section class=\"elementor-section elementor-top-section elementor-element elementor-element-6a968b23 elementor-section-boxed elementor-section-height-default elementor-section-height-default\" data-id=\"6a968b23\" data-element_type=\"section\" data-settings=\"{&quot;background_background&quot;:&quot;classic&quot;}\">\n\t\t\t\t\t\t<div class=\"elementor-container elementor-column-gap-default\">\n\t\t\t\t\t<div class=\"elementor-column elementor-col-100 elementor-top-column elementor-element elementor-element-58c704d4\" data-id=\"58c704d4\" data-element_type=\"column\">\n\t\t\t<div class=\"elementor-widget-wrap elementor-element-populated\">\n\t\t\t\t\t\t<div class=\"elementor-element elementor-element-20b3d4b8 elementor-widget elementor-widget-spacer\" data-id=\"20b3d4b8\" data-element_type=\"widget\" data-widget_type=\"spacer.default\">\n\t\t\t\t<div class=\"elementor-widget-container\">\n\t\t\t\t\t\t\t<div class=\"elementor-spacer\">\n\t\t\t<div class=\"elementor-spacer-inner\"><\/div>\n\t\t<\/div>\n\t\t\t\t\t\t<\/div>\n\t\t\t\t<\/div>\n\t\t\t\t\t<\/div>\n\t\t<\/div>\n\t\t\t\t\t<\/div>\n\t\t<\/section>\n\t\t\t\t<section class=\"elementor-section elementor-top-section elementor-element elementor-element-04c49e6 elementor-section-boxed elementor-section-height-default elementor-section-height-default\" data-id=\"04c49e6\" data-element_type=\"section\" data-settings=\"{&quot;background_background&quot;:&quot;classic&quot;}\">\n\t\t\t\t\t\t<div class=\"elementor-container elementor-column-gap-default\">\n\t\t\t\t\t<div class=\"elementor-column elementor-col-100 elementor-top-column elementor-element elementor-element-2911f92\" data-id=\"2911f92\" data-element_type=\"column\">\n\t\t\t<div class=\"elementor-widget-wrap elementor-element-populated\">\n\t\t\t\t\t\t<div class=\"elementor-element elementor-element-32186c3 elementor-widget elementor-widget-heading\" data-id=\"32186c3\" data-element_type=\"widget\" data-widget_type=\"heading.default\">\n\t\t\t\t<div class=\"elementor-widget-container\">\n\t\t\t\t\t<h2 class=\"elementor-heading-title elementor-size-default\">Facultad: <br>Ingenier\u00eda<\/h2>\t\t\t\t<\/div>\n\t\t\t\t<\/div>\n\t\t\t\t\t<\/div>\n\t\t<\/div>\n\t\t\t\t\t<\/div>\n\t\t<\/section>\n\t\t\t\t<section class=\"elementor-section elementor-top-section elementor-element elementor-element-5cbaab6 elementor-section-boxed elementor-section-height-default elementor-section-height-default\" data-id=\"5cbaab6\" data-element_type=\"section\" data-settings=\"{&quot;background_background&quot;:&quot;classic&quot;}\">\n\t\t\t\t\t\t<div class=\"elementor-container elementor-column-gap-default\">\n\t\t\t\t\t<div class=\"elementor-column elementor-col-100 elementor-top-column elementor-element elementor-element-48b62c5\" data-id=\"48b62c5\" data-element_type=\"column\">\n\t\t\t<div class=\"elementor-widget-wrap elementor-element-populated\">\n\t\t\t\t\t\t<div class=\"elementor-element elementor-element-3ac369a elementor-widget elementor-widget-spacer\" data-id=\"3ac369a\" data-element_type=\"widget\" data-widget_type=\"spacer.default\">\n\t\t\t\t<div class=\"elementor-widget-container\">\n\t\t\t\t\t\t\t<div class=\"elementor-spacer\">\n\t\t\t<div class=\"elementor-spacer-inner\"><\/div>\n\t\t<\/div>\n\t\t\t\t\t\t<\/div>\n\t\t\t\t<\/div>\n\t\t\t\t\t<\/div>\n\t\t<\/div>\n\t\t\t\t\t<\/div>\n\t\t<\/section>\n\t\t\t\t<section class=\"elementor-section elementor-top-section elementor-element elementor-element-1748806 elementor-section-boxed elementor-section-height-default elementor-section-height-default\" data-id=\"1748806\" data-element_type=\"section\" data-settings=\"{&quot;background_background&quot;:&quot;classic&quot;}\">\n\t\t\t\t\t\t<div class=\"elementor-container elementor-column-gap-default\">\n\t\t\t\t\t<div class=\"elementor-column elementor-col-33 elementor-top-column elementor-element elementor-element-29db205\" data-id=\"29db205\" data-element_type=\"column\">\n\t\t\t<div class=\"elementor-widget-wrap\">\n\t\t\t\t\t\t\t<\/div>\n\t\t<\/div>\n\t\t\t\t<div class=\"elementor-column elementor-col-33 elementor-top-column elementor-element elementor-element-66ff98b\" data-id=\"66ff98b\" data-element_type=\"column\">\n\t\t\t<div class=\"elementor-widget-wrap elementor-element-populated\">\n\t\t\t\t\t\t<div class=\"elementor-element elementor-element-c8e40e4 elementor-widget elementor-widget-text-editor\" data-id=\"c8e40e4\" data-element_type=\"widget\" data-widget_type=\"text-editor.default\">\n\t\t\t\t<div class=\"elementor-widget-container\">\n\t\t\t\t\t\t\t\t\t<p>El laboratorio de Biomec\u00e1nica ofrece a la Comunidad Universitaria herramientas para la evaluaci\u00f3n y diagn\u00f3stico de la comprensi\u00f3n anal\u00edtica y cuantificada del movimiento, en \u00e1reas como la ortopedia, el deporte y la rehabilitaci\u00f3n.&nbsp;<\/p>\n<p>Tambi\u00e9n ofrece informaci\u00f3n para el an\u00e1lisis y optimizaci\u00f3n del movimiento en cualquier circunstancia y cuenta con un sistema de captura de movimiento que permite hacer un an\u00e1lisis cinem\u00e1tico de marcha y de gestos deportivos.<\/p>\n<p class=\"MsoNormal\"><b><u><span lang=\"ES\">Servicios ofertados en el\nlaboratorio de Biomec\u00e1nica<o:p><\/o:p><\/span><\/u><\/b><\/p><p class=\"MsoListParagraphCxSpFirst\" style=\"margin-left: 54pt; text-indent: -18pt;\"><!--[if !supportLists]--><span lang=\"ES\">1.<span style=\"font:7.0pt &quot;Times New Roman&quot;\">&nbsp;&nbsp;&nbsp;&nbsp;&nbsp;&nbsp;\n<\/span><\/span><!--[endif]--><span lang=\"ES\">Captura\nde movimiento.<o:p><\/o:p><\/span><\/p><p>\n\n\n\n<\/p><p class=\"MsoListParagraphCxSpLast\" style=\"margin-left: 54pt; text-indent: -18pt;\"><!--[if !supportLists]--><span lang=\"ES\">2.<span style=\"font:7.0pt &quot;Times New Roman&quot;\">&nbsp;&nbsp;&nbsp;&nbsp;&nbsp;&nbsp;\n<\/span><\/span><!--[endif]--><span lang=\"ES\">Pruebas\nde esfuerzo f\u00edsico con acompa\u00f1amiento.<o:p><\/o:p><\/span><\/p>\t\t\t\t\t\t\t\t<\/div>\n\t\t\t\t<\/div>\n\t\t\t\t\t<\/div>\n\t\t<\/div>\n\t\t\t\t<div class=\"elementor-column elementor-col-33 elementor-top-column elementor-element elementor-element-b1f17c8\" data-id=\"b1f17c8\" data-element_type=\"column\">\n\t\t\t<div class=\"elementor-widget-wrap\">\n\t\t\t\t\t\t\t<\/div>\n\t\t<\/div>\n\t\t\t\t\t<\/div>\n\t\t<\/section>\n\t\t\t\t<section class=\"elementor-section elementor-top-section elementor-element elementor-element-6fec2858 elementor-section-boxed elementor-section-height-default elementor-section-height-default\" data-id=\"6fec2858\" data-element_type=\"section\" data-settings=\"{&quot;background_background&quot;:&quot;classic&quot;}\">\n\t\t\t\t\t\t<div class=\"elementor-container elementor-column-gap-default\">\n\t\t\t\t\t<div class=\"elementor-column elementor-col-100 elementor-top-column elementor-element elementor-element-1021d4de\" data-id=\"1021d4de\" data-element_type=\"column\">\n\t\t\t<div class=\"elementor-widget-wrap elementor-element-populated\">\n\t\t\t\t\t\t<div class=\"elementor-element elementor-element-37fa3747 elementor-widget elementor-widget-spacer\" data-id=\"37fa3747\" data-element_type=\"widget\" data-widget_type=\"spacer.default\">\n\t\t\t\t<div class=\"elementor-widget-container\">\n\t\t\t\t\t\t\t<div class=\"elementor-spacer\">\n\t\t\t<div class=\"elementor-spacer-inner\"><\/div>\n\t\t<\/div>\n\t\t\t\t\t\t<\/div>\n\t\t\t\t<\/div>\n\t\t\t\t\t<\/div>\n\t\t<\/div>\n\t\t\t\t\t<\/div>\n\t\t<\/section>\n\t\t\t\t<section class=\"elementor-section elementor-top-section elementor-element elementor-element-231a811b elementor-section-boxed elementor-section-height-default elementor-section-height-default\" data-id=\"231a811b\" data-element_type=\"section\">\n\t\t\t\t\t\t<div class=\"elementor-container elementor-column-gap-default\">\n\t\t\t\t\t<div class=\"elementor-column elementor-col-100 elementor-top-column elementor-element elementor-element-77c5c455\" data-id=\"77c5c455\" data-element_type=\"column\">\n\t\t\t<div class=\"elementor-widget-wrap elementor-element-populated\">\n\t\t\t\t\t\t<div class=\"elementor-element elementor-element-3b77d904 elementor-widget elementor-widget-spacer\" data-id=\"3b77d904\" data-element_type=\"widget\" data-widget_type=\"spacer.default\">\n\t\t\t\t<div class=\"elementor-widget-container\">\n\t\t\t\t\t\t\t<div class=\"elementor-spacer\">\n\t\t\t<div class=\"elementor-spacer-inner\"><\/div>\n\t\t<\/div>\n\t\t\t\t\t\t<\/div>\n\t\t\t\t<\/div>\n\t\t\t\t\t<\/div>\n\t\t<\/div>\n\t\t\t\t\t<\/div>\n\t\t<\/section>\n\t\t\t\t<section class=\"elementor-section elementor-top-section elementor-element elementor-element-3e3cf96b elementor-section-boxed elementor-section-height-default elementor-section-height-default\" data-id=\"3e3cf96b\" data-element_type=\"section\">\n\t\t\t\t\t\t<div class=\"elementor-container elementor-column-gap-default\">\n\t\t\t\t\t<div class=\"elementor-column elementor-col-100 elementor-top-column elementor-element elementor-element-6c5cc14a\" data-id=\"6c5cc14a\" data-element_type=\"column\">\n\t\t\t<div class=\"elementor-widget-wrap\">\n\t\t\t\t\t\t\t<\/div>\n\t\t<\/div>\n\t\t\t\t\t<\/div>\n\t\t<\/section>\n\t\t\t\t<section class=\"elementor-section elementor-top-section elementor-element elementor-element-41fe3bc1 elementor-section-full_width elementor-section-height-min-height elementor-section-height-default elementor-section-items-middle\" data-id=\"41fe3bc1\" data-element_type=\"section\">\n\t\t\t\t\t\t<div class=\"elementor-container elementor-column-gap-default\">\n\t\t\t\t\t<div class=\"elementor-column elementor-col-100 elementor-top-column elementor-element elementor-element-5bb29ca7\" data-id=\"5bb29ca7\" data-element_type=\"column\">\n\t\t\t<div class=\"elementor-widget-wrap elementor-element-populated\">\n\t\t\t\t\t\t<div class=\"elementor-element elementor-element-5ce22671 elementor-widget elementor-widget-spacer\" data-id=\"5ce22671\" data-element_type=\"widget\" data-widget_type=\"spacer.default\">\n\t\t\t\t<div class=\"elementor-widget-container\">\n\t\t\t\t\t\t\t<div class=\"elementor-spacer\">\n\t\t\t<div class=\"elementor-spacer-inner\"><\/div>\n\t\t<\/div>\n\t\t\t\t\t\t<\/div>\n\t\t\t\t<\/div>\n\t\t\t\t\t<\/div>\n\t\t<\/div>\n\t\t\t\t\t<\/div>\n\t\t<\/section>\n\t\t\t\t<section class=\"elementor-section elementor-top-section elementor-element elementor-element-cb16a58 elementor-section-full_width elementor-section-height-min-height elementor-section-height-default elementor-section-items-middle\" data-id=\"cb16a58\" data-element_type=\"section\" data-settings=\"{&quot;background_background&quot;:&quot;classic&quot;}\">\n\t\t\t\t\t\t\t<div class=\"elementor-background-overlay\"><\/div>\n\t\t\t\t\t\t\t<div class=\"elementor-container elementor-column-gap-default\">\n\t\t\t\t\t<div class=\"elementor-column elementor-col-25 elementor-top-column elementor-element elementor-element-c1917c2\" data-id=\"c1917c2\" data-element_type=\"column\">\n\t\t\t<div class=\"elementor-widget-wrap\">\n\t\t\t\t\t\t\t<\/div>\n\t\t<\/div>\n\t\t\t\t<div class=\"elementor-column elementor-col-25 elementor-top-column elementor-element elementor-element-6bc982c\" data-id=\"6bc982c\" data-element_type=\"column\">\n\t\t\t<div class=\"elementor-widget-wrap elementor-element-populated\">\n\t\t\t\t\t\t<div class=\"elementor-element elementor-element-4b4401c elementor-widget elementor-widget-spacer\" data-id=\"4b4401c\" data-element_type=\"widget\" data-widget_type=\"spacer.default\">\n\t\t\t\t<div class=\"elementor-widget-container\">\n\t\t\t\t\t\t\t<div class=\"elementor-spacer\">\n\t\t\t<div class=\"elementor-spacer-inner\"><\/div>\n\t\t<\/div>\n\t\t\t\t\t\t<\/div>\n\t\t\t\t<\/div>\n\t\t\t\t<div class=\"elementor-element elementor-element-063c324 elementor-widget elementor-widget-image\" data-id=\"063c324\" data-element_type=\"widget\" data-widget_type=\"image.default\">\n\t\t\t\t<div class=\"elementor-widget-container\">\n\t\t\t\t\t\t\t\t\t\t\t\t\t\t\t<img decoding=\"async\" width=\"1023\" height=\"520\" src=\"https:\/\/sitios.uao.edu.co\/labs\/wp-content\/uploads\/sites\/17\/2022\/12\/Logo-UAO.png\" class=\"attachment-large size-large wp-image-2935\" alt=\"\" srcset=\"https:\/\/sitios.uao.edu.co\/labs\/wp-content\/uploads\/sites\/17\/2022\/12\/Logo-UAO.png 1023w, https:\/\/sitios.uao.edu.co\/labs\/wp-content\/uploads\/sites\/17\/2022\/12\/Logo-UAO-300x152.png 300w, https:\/\/sitios.uao.edu.co\/labs\/wp-content\/uploads\/sites\/17\/2022\/12\/Logo-UAO-768x390.png 768w, https:\/\/sitios.uao.edu.co\/labs\/wp-content\/uploads\/sites\/17\/2022\/12\/Logo-UAO-260x132.png 260w, https:\/\/sitios.uao.edu.co\/labs\/wp-content\/uploads\/sites\/17\/2022\/12\/Logo-UAO-50x25.png 50w, https:\/\/sitios.uao.edu.co\/labs\/wp-content\/uploads\/sites\/17\/2022\/12\/Logo-UAO-148x75.png 148w\" sizes=\"(max-width: 1023px) 100vw, 1023px\" \/>\t\t\t\t\t\t\t\t\t\t\t\t\t\t\t<\/div>\n\t\t\t\t<\/div>\n\t\t\t\t\t<\/div>\n\t\t<\/div>\n\t\t\t\t<div class=\"elementor-column elementor-col-25 elementor-top-column elementor-element elementor-element-2dbe94c\" data-id=\"2dbe94c\" data-element_type=\"column\">\n\t\t\t<div class=\"elementor-widget-wrap elementor-element-populated\">\n\t\t\t\t\t\t<div class=\"elementor-element elementor-element-6ab8d08 elementor-widget elementor-widget-spacer\" data-id=\"6ab8d08\" data-element_type=\"widget\" data-widget_type=\"spacer.default\">\n\t\t\t\t<div class=\"elementor-widget-container\">\n\t\t\t\t\t\t\t<div class=\"elementor-spacer\">\n\t\t\t<div class=\"elementor-spacer-inner\"><\/div>\n\t\t<\/div>\n\t\t\t\t\t\t<\/div>\n\t\t\t\t<\/div>\n\t\t\t\t<div class=\"elementor-element elementor-element-f56fa96 elementor-widget elementor-widget-text-editor\" data-id=\"f56fa96\" data-element_type=\"widget\" data-widget_type=\"text-editor.default\">\n\t\t\t\t<div class=\"elementor-widget-container\">\n\t\t\t\t\t\t\t\t\t<p>Personer\u00eda jur\u00eddica, Res. No. 0618, de la Gobernaci\u00f3n del Valle del Cauca, del 20 de febrero de 1970. Universidad Aut\u00f3noma de Occidente, Res. No. 2766, del Ministerio de Educaci\u00f3n Nacional, del 13 de noviembre de 2003.<br \/>Acreditaci\u00f3n Institucional de Alta Calidad, Res. 23002 del 30 de noviembre de 2021.<br \/>Acreditaci\u00f3n Internacional de Alta Calidad, acuerdo No. 85 del 26\/01\/2022 del Cinda<\/p><p>La Universidad Aut\u00f3noma de Occidente est\u00e1 sujeta a inspecci\u00f3n y vigilancia por el Ministerio de Educaci\u00f3n Nacional &#8211; Art\u00edculo 39 del decreto 1295 de 2010<\/p>\t\t\t\t\t\t\t\t<\/div>\n\t\t\t\t<\/div>\n\t\t\t\t\t<\/div>\n\t\t<\/div>\n\t\t\t\t<div class=\"elementor-column elementor-col-25 elementor-top-column elementor-element elementor-element-a051627\" data-id=\"a051627\" data-element_type=\"column\">\n\t\t\t<div class=\"elementor-widget-wrap\">\n\t\t\t\t\t\t\t<\/div>\n\t\t<\/div>\n\t\t\t\t\t<\/div>\n\t\t<\/section>\n\t\t\t\t<\/div>\n\t\t","protected":false},"excerpt":{"rendered":"<p>Contacto Inicio Laboratorios Reservas Noticias Estructura Organizacional Talleres complementarios Laboratorio de Biomec\u00e1nica Facultad: Ingenier\u00eda El laboratorio de Biomec\u00e1nica ofrece a la Comunidad Universitaria herramientas para la<span class=\"excerpt-hellip\"> [\u2026]<\/span><\/p>\n","protected":false},"author":281,"featured_media":0,"parent":0,"menu_order":0,"comment_status":"closed","ping_status":"closed","template":"elementor_canvas","meta":{"footnotes":""},"class_list":["post-1542","page","type-page","status-publish","hentry"],"acf":[],"_links":{"self":[{"href":"https:\/\/sitios.uao.edu.co\/labs\/wp-json\/wp\/v2\/pages\/1542","targetHints":{"allow":["GET"]}}],"collection":[{"href":"https:\/\/sitios.uao.edu.co\/labs\/wp-json\/wp\/v2\/pages"}],"about":[{"href":"https:\/\/sitios.uao.edu.co\/labs\/wp-json\/wp\/v2\/types\/page"}],"author":[{"embeddable":true,"href":"https:\/\/sitios.uao.edu.co\/labs\/wp-json\/wp\/v2\/users\/281"}],"replies":[{"embeddable":true,"href":"https:\/\/sitios.uao.edu.co\/labs\/wp-json\/wp\/v2\/comments?post=1542"}],"version-history":[{"count":3,"href":"https:\/\/sitios.uao.edu.co\/labs\/wp-json\/wp\/v2\/pages\/1542\/revisions"}],"predecessor-version":[{"id":3057,"href":"https:\/\/sitios.uao.edu.co\/labs\/wp-json\/wp\/v2\/pages\/1542\/revisions\/3057"}],"wp:attachment":[{"href":"https:\/\/sitios.uao.edu.co\/labs\/wp-json\/wp\/v2\/media?parent=1542"}],"curies":[{"name":"wp","href":"https:\/\/api.w.org\/{rel}","templated":true}]}}