{"id":151,"date":"2015-10-26T14:04:44","date_gmt":"2015-10-26T14:04:44","guid":{"rendered":"https:\/\/sitios.uao.edu.co\/gradoing\/?page_id=151"},"modified":"2022-09-02T21:34:42","modified_gmt":"2022-09-02T21:34:42","slug":"inscripcion-de-la-modalidad","status":"publish","type":"page","link":"https:\/\/sitios.uao.edu.co\/gradoing\/anteproyecto\/inscripcion-de-la-modalidad\/","title":{"rendered":"Inscripci\u00f3n de la modalidad"},"content":{"rendered":"<div class=\"wpb-content-wrapper\"><p>[vc_row][vc_column][vc_column_text]<strong>FICHA APROBACI\u00d3N DE TEM\u00c1TICA<\/strong><\/p>\n<p>Si cumples con la cantidad de cr\u00e9ditos aprobados requeridos, antes de entregar tu anteproyecto debes presentar ante el CAAI de la facultad de Ingenier\u00eda el \u201cformato de aprobaci\u00f3n de tem\u00e1tica\u201d para poder evaluar la viabilidad del tema que deseas abordar en tu trabajo de grado, y verificar que sea consecuente a tu perfil acad\u00e9mico.<\/p>\n<p>Para el caso de \u201ccursos de posgrado\u201d debes presentar la carta de aceptaci\u00f3n ante el director del posgrado.<\/p>\n<p>El formato a presentar depende de la modalidad bajo la cual deseas desarrollar tu trabajo de grado, a continuaci\u00f3n te mostramos la ficha a tener en cuenta seg\u00fan tu modalidad:<\/p>\n<ul>\n<li>Para las modalidades de: <strong>pasant\u00eda comunitaria, pasant\u00eda de investigaci\u00f3n, proyecto de grado y proyecto de emprendimiento<\/strong> presentar el siguiente formato:<\/li>\n<\/ul>\n<hr \/>\n<p><strong>Ficha resumen aprobaci\u00f3n tem\u00e1tica trabajo de grado<\/strong><\/p>\n<hr \/>\n<p>[\/vc_column_text][vc_single_image image=\u00bb1500&#8243; img_size=\u00bbfull\u00bb][vc_column_text]<a href=\"https:\/\/sitios.uao.edu.co\/gradoing\/wp-content\/uploads\/sites\/61\/2022\/09\/Formato-Ficha-Tem\u00e1tica.docx\" target=\"_blank\" rel=\"noopener noreferrer\">Descarga aqu\u00ed el formato<\/a>.[\/vc_column_text][\/vc_column][\/vc_row][vc_row][vc_column][vc_column_text]<\/p>\n<ul>\n<li>Para la modalidad de: <strong>pasant\u00eda institucional<\/strong> presentar el siguiente formato:<\/li>\n<\/ul>\n<hr \/>\n<p><strong>Solicitud de desarrollo de proyectos con estudiantes en pasant\u00eda institucional<\/strong><\/p>\n<hr \/>\n<p>[\/vc_column_text][vc_single_image image=\u00bb1503&#8243; img_size=\u00bbfull\u00bb][vc_column_text]<a href=\"https:\/\/sitios.uao.edu.co\/gradoing\/wp-content\/uploads\/sites\/61\/2022\/09\/2-CRC-2.11.8-FO01-Solicitud-de-Desarrollo-de-Proyectos-2021.docx\" target=\"_blank\" rel=\"noopener noreferrer\">Descarga aqu\u00ed el formato<\/a>.[\/vc_column_text][\/vc_column][\/vc_row][vc_row][vc_column][vc_column_text]<\/p>\n<ul>\n<li>Para la modalidad de: Cursos de Posgrado presentar el siguiente formato:<\/li>\n<\/ul>\n<hr \/>\n<p><strong>Formato Solicitud aceptaci\u00f3n cursos de posgrado<\/strong><\/p>\n<hr \/>\n<p>[\/vc_column_text][vc_single_image image=\u00bb1468&#8243; img_size=\u00bbfull\u00bb][vc_btn title=\u00bbDescarga aqu\u00ed el formato.\u00bb color=\u00bbdanger\u00bb align=\u00bbcenter\u00bb link=\u00bburl:https%3A%2F%2Fsitios.uao.edu.co%2Fgradoing%2Fwp-content%2Fuploads%2Fsites%2F61%2F2022%2F08%2FSOLICITUD-CURSOS-DE-POSGRADO-1.xls|target:_blank\u00bb][\/vc_column][vc_column][\/vc_column][\/vc_row]<\/p>\n<\/div>","protected":false},"excerpt":{"rendered":"<p>[vc_row][vc_column][vc_column_text]FICHA APROBACI\u00d3N DE TEM\u00c1TICA Si cumples con la cantidad de cr\u00e9ditos aprobados requeridos, antes de entregar tu anteproyecto debes presentar ante el CAAI de la facultad de Ingenier\u00eda el \u201cformato de aprobaci\u00f3n de tem\u00e1tica\u201d para poder evaluar la viabilidad del tema que deseas abordar en tu trabajo de grado, y verificar que sea consecuente a tu perfil acad\u00e9mico. Para el<\/p>\n","protected":false},"author":272,"featured_media":1360,"parent":8,"menu_order":0,"comment_status":"closed","ping_status":"closed","template":"","meta":{"footnotes":""},"class_list":["post-151","page","type-page","status-publish","has-post-thumbnail","hentry"],"acf":[],"_links":{"self":[{"href":"https:\/\/sitios.uao.edu.co\/gradoing\/wp-json\/wp\/v2\/pages\/151","targetHints":{"allow":["GET"]}}],"collection":[{"href":"https:\/\/sitios.uao.edu.co\/gradoing\/wp-json\/wp\/v2\/pages"}],"about":[{"href":"https:\/\/sitios.uao.edu.co\/gradoing\/wp-json\/wp\/v2\/types\/page"}],"author":[{"embeddable":true,"href":"https:\/\/sitios.uao.edu.co\/gradoing\/wp-json\/wp\/v2\/users\/272"}],"replies":[{"embeddable":true,"href":"https:\/\/sitios.uao.edu.co\/gradoing\/wp-json\/wp\/v2\/comments?post=151"}],"version-history":[{"count":5,"href":"https:\/\/sitios.uao.edu.co\/gradoing\/wp-json\/wp\/v2\/pages\/151\/revisions"}],"predecessor-version":[{"id":1505,"href":"https:\/\/sitios.uao.edu.co\/gradoing\/wp-json\/wp\/v2\/pages\/151\/revisions\/1505"}],"up":[{"embeddable":true,"href":"https:\/\/sitios.uao.edu.co\/gradoing\/wp-json\/wp\/v2\/pages\/8"}],"wp:featuredmedia":[{"embeddable":true,"href":"https:\/\/sitios.uao.edu.co\/gradoing\/wp-json\/wp\/v2\/media\/1360"}],"wp:attachment":[{"href":"https:\/\/sitios.uao.edu.co\/gradoing\/wp-json\/wp\/v2\/media?parent=151"}],"curies":[{"name":"wp","href":"https:\/\/api.w.org\/{rel}","templated":true}]}}